{"id":1643,"date":"2024-03-04T18:02:10","date_gmt":"2024-03-04T18:02:10","guid":{"rendered":"https:\/\/homyanimation.com\/?page_id=1643"},"modified":"2025-07-17T17:08:37","modified_gmt":"2025-07-17T16:08:37","slug":"flor_en","status":"publish","type":"page","link":"https:\/\/homyanimation.com\/index.php\/homy_en\/work\/flor_en\/","title":{"rendered":"Biggest Flower In The World"},"content":{"rendered":"<div id=\"pl-1643\"  class=\"panel-layout\" ><div id=\"pg-1643-0\"  class=\"panel-grid panel-has-style\"  style=\"margin-bottom: 0px\" ><div class=\"siteorigin-panels-stretch panel-row-style panel-row-style-for-1643-0\" style=\"padding: 0px 0px 0px 0px;\" data-stretch-type=\"full-width-stretch\" ><div id=\"pgc-1643-0-0\"  class=\"panel-grid-cell\" ><div id=\"panel-1643-0-0-0\" class=\"so-panel widget widget_sow-headline panel-first-child\" data-index=\"0\" style=\"margin: 0px 0px 0px 0px;\" ><div style=\"padding: 0px 0px 0px 0px;\" class=\"panel-widget-style panel-widget-style-for-1643-0-0-0\" ><div\n\t\t\t\n\t\t\tclass=\"so-widget-sow-headline so-widget-sow-headline-default-9b1993443342-1643\"\n\t\t\t\n\t\t><div class=\"sow-headline-container \">\n\t\t\t\t\t\t\t<h1 class=\"sow-headline\">\n\t\t\t\t\t\tThe Biggest Flower In The World\t\t\t\t\t\t<\/h1>\n\t\t\t\t\t\t\t\t\t\t\t\t<p class=\"sow-sub-headline\">\n\t\t\t\t\t\tSmall series of 4 episodes, based on a children's short story by Nobel awarded writer Jos\u00e9 Saramago, produced for educational support in class (portuguese and spanish versions)\t\t\t\t\t\t<\/p>\n\t\t\t\t\t\t<\/div>\n<\/div><\/div><\/div><div id=\"panel-1643-0-0-1\" class=\"so-panel widget widget_sow-editor\" data-index=\"1\" style=\"margin: 0% 8% 0% 8%;\" ><div\n\t\t\t\n\t\t\tclass=\"so-widget-sow-editor so-widget-sow-editor-base\"\n\t\t\t\n\t\t>\n<div class=\"siteorigin-widget-tinymce textwidget\">\n\t<p style=\"text-align: center;\">          <style type=\"text\/css\" id=\"vimeography-gallery-3-custom-css\">\n        \n      \n          <\/style>\n            <div id=\"vimeography-gallery-3\" class=\"vimeography-theme-harvestone\" data-version=\"2.1\"  itemscope itemtype=\"http:\/\/schema.org\/VideoGallery\">\n        <div id=\"subbie\">\n          <gallery><\/gallery>\n        <\/div>\n      <\/div>\n    <\/p>\n<p style=\"text-align: center;\"><span style=\"color: #666699;\">(click a picture above to select episode)<\/span><\/p>\n<\/div>\n<\/div><\/div><div id=\"panel-1643-0-0-2\" class=\"so-panel widget widget_sow-editor panel-last-child\" data-index=\"2\" style=\"margin: 0% 10% 0% 10%;\" ><div style=\"padding: 0% 10% 0% 10%;\" class=\"panel-widget-style panel-widget-style-for-1643-0-0-2\" ><div\n\t\t\t\n\t\t\tclass=\"so-widget-sow-editor so-widget-sow-editor-base\"\n\t\t\t\n\t\t><h3 class=\"widget-title\">Credits \u00a0 \u00a0 \u00a0 \u00a0 \u00a0 \u00a0 \u00a0 \u00a0 \u00a0 \u00a0 \u00a0 \u00a0 \u00a0 \u00a0<\/h3>\n<div class=\"siteorigin-widget-tinymce textwidget\">\n\t<p>Dir \/ Art dir: Manuel Sacadura<\/p>\n<p>Lip-sync + anim: Armindo Teixeira<\/p>\n<p>Illustration + graphic design: Elvira Moreno-Tapia<\/p>\n<p>Client: OEI \/ Prod: Help Images<\/p>\n<p>Script: Raquel Clemente Martins @Help Images General<\/p>\n<p>Dir: Ricardo Nogueira e Raquel Clemente Martins @Help Images<\/p>\n<p>Sound: Andr\u00e9 do A\u00fadio @fast forward<\/p>\n<p>Voice Over: Rafael Nobre<\/p>\n<p>Soundtrack: Juniper by Rex<\/p>\n<p>Banner Photos: Designed by Freepick<\/p>\n<p>Acknowledgments:&nbsp; &nbsp;Fast Forward, OEI, Funda\u00e7\u00e3o Jos\u00e9 Saramago<\/p>\n<\/div>\n<\/div><\/div><\/div><\/div><\/div><\/div><div id=\"pg-1643-1\"  class=\"panel-grid panel-has-style\"  style=\"margin-bottom: 0px\" ><div class=\"siteorigin-panels-stretch panel-row-style panel-row-style-for-1643-1\" style=\"padding: 0px 0px 0px 0px;\" data-stretch-type=\"full-width-stretch\" ><div id=\"pgc-1643-1-0\"  class=\"panel-grid-cell\" ><div id=\"panel-1643-1-0-0\" class=\"so-panel widget widget_sow-headline panel-first-child\" data-index=\"3\" style=\"margin: 0px 0px 0px 0px;\" ><div style=\"padding: 0px 0px 0px 0px;\" class=\"panel-widget-style panel-widget-style-for-1643-1-0-0\" ><div\n\t\t\t\n\t\t\tclass=\"so-widget-sow-headline so-widget-sow-headline-default-c4f3c34e9afd-1643\"\n\t\t\t\n\t\t><div class=\"sow-headline-container \">\n\t\t\t\t\t\t<div class=\"decoration\">\n\t\t\t\t\t\t<div class=\"decoration-inside\"><\/div>\n\t\t\t\t\t<\/div>\n\t\t\t\t\t\t\t\t\t\t\t<h3 class=\"sow-headline\">\n\t\t\t\t\t\tConcepts and illustrations\t\t\t\t\t\t<\/h3>\n\t\t\t\t\t\t<\/div>\n<\/div><\/div><\/div><div id=\"panel-1643-1-0-1\" class=\"so-panel widget widget_sow-editor\" data-index=\"4\" style=\"margin: 0% 7% 0% 7%;\" ><div style=\"padding: 0px 0px 0px 0px;\" class=\"panel-widget-style panel-widget-style-for-1643-1-0-1\" ><div\n\t\t\t\n\t\t\tclass=\"so-widget-sow-editor so-widget-sow-editor-base\"\n\t\t\t\n\t\t>\n<div class=\"siteorigin-widget-tinymce textwidget\">\n\t<p style=\"text-align: center;\">Some nice work-in-progress samples<\/p>\nngg_shortcode_0_placeholder\n<\/div>\n<\/div><\/div><\/div><div id=\"panel-1643-1-0-2\" class=\"so-panel widget widget_sow-editor panel-last-child\" data-index=\"5\" style=\"margin: 0px 0px 0px 0px;\" ><div style=\"padding: 0px 0px 0px 0px;\" class=\"panel-widget-style panel-widget-style-for-1643-1-0-2\" ><div\n\t\t\t\n\t\t\tclass=\"so-widget-sow-editor so-widget-sow-editor-base\"\n\t\t\t\n\t\t>\n<div class=\"siteorigin-widget-tinymce textwidget\">\n\t<h3 style=\"text-align: center;\">Thanks for watching!&nbsp; \ud83d\ude03<\/h3>\n<p><a href=\"https:\/\/homyanimation.com\/index.php\/pt\/homy-pt\/\"><img loading=\"lazy\" decoding=\"async\" class=\"alignnone wp-image-7 aligncenter\" src=\"https:\/\/homyanimation.com\/wp-content\/uploads\/2019\/04\/HOMY-animation@0.5x-226x300.png\" alt=\"\" width=\"88\" height=\"117\"\/><\/a><\/p>\n<\/div>\n<\/div><\/div><\/div><\/div><\/div><\/div><div id=\"pg-1643-2\"  class=\"panel-grid panel-has-style\"  style=\"margin-bottom: 0px\" ><div class=\"siteorigin-panels-stretch panel-row-style panel-row-style-for-1643-2\" style=\"padding: 0px 0px 0px 0px;\" data-stretch-type=\"full\" ><div id=\"pgc-1643-2-0\"  class=\"panel-grid-cell\" ><div id=\"panel-1643-2-0-0\" class=\"so-panel widget widget_sow-button panel-first-child panel-last-child\" data-index=\"6\" style=\"margin: 0px 0px 0px 0px;\" ><div style=\"padding: 0% 15% 0% 15%;\" class=\"panel-widget-style panel-widget-style-for-1643-2-0-0\" ><div\n\t\t\t\n\t\t\tclass=\"so-widget-sow-button so-widget-sow-button-flat-e4fce57fd683-1643\"\n\t\t\t\n\t\t><div class=\"ow-button-base ow-button-align-center\"\n>\n\t\t\t<a\n\t\t\t\t\thref=\"https:\/\/homyanimation.com\/index.php\/homy_en\/work\/pipandpoppy_en\/\"\n\t\t\t\t\tclass=\"sowb-button ow-icon-placement-left ow-button-hover\" \t>\n\t\t<span>\n\t\t\t<span class=\"sow-icon-fontawesome sow-far\" data-sow-icon=\"&#xf0a5;\"\n\t\tstyle=\"\" \n\t\taria-hidden=\"true\"><\/span>\n\t\t\t&lt; previous\t\t<\/span>\n\t\t\t<\/a>\n\t<\/div>\n<\/div><\/div><\/div><\/div><div id=\"pgc-1643-2-1\"  class=\"panel-grid-cell\" ><div id=\"panel-1643-2-1-0\" class=\"so-panel widget widget_sow-button panel-first-child panel-last-child\" data-index=\"7\" style=\"margin: 0px 0px 0px 0px;\" ><div style=\"padding: 0% 15% 0% 15%;\" class=\"panel-widget-style panel-widget-style-for-1643-2-1-0\" ><div\n\t\t\t\n\t\t\tclass=\"so-widget-sow-button so-widget-sow-button-flat-f4baa690c82b-1643\"\n\t\t\t\n\t\t><div class=\"ow-button-base ow-button-align-center\"\n>\n\t\t\t<a\n\t\t\t\t\thref=\"https:\/\/homyanimation.com\/index.php\/homy_en\/work\/\"\n\t\t\t\t\tclass=\"sowb-button ow-icon-placement-right ow-button-hover\" \t>\n\t\t<span>\n\t\t\t\n\t\t\twork\t\t<\/span>\n\t\t\t<\/a>\n\t<\/div>\n<\/div><\/div><\/div><\/div><div id=\"pgc-1643-2-2\"  class=\"panel-grid-cell\" ><div id=\"panel-1643-2-2-0\" class=\"so-panel widget widget_sow-button panel-first-child panel-last-child\" data-index=\"8\" style=\"margin: 0px 0px 0px 0px;\" ><div style=\"padding: 0% 15% 0% 15%;\" class=\"panel-widget-style panel-widget-style-for-1643-2-2-0\" ><div\n\t\t\t\n\t\t\tclass=\"so-widget-sow-button so-widget-sow-button-flat-e4fce57fd683-1643\"\n\t\t\t\n\t\t><div class=\"ow-button-base ow-button-align-center\"\n>\n\t\t\t<a\n\t\t\t\t\thref=\"https:\/\/homyanimation.com\/index.php\/homy_en\/work\/sleep_en\/\"\n\t\t\t\t\tclass=\"sowb-button ow-icon-placement-right ow-button-hover\" \t>\n\t\t<span>\n\t\t\t<span class=\"sow-icon-fontawesome sow-far\" data-sow-icon=\"&#xf0a4;\"\n\t\tstyle=\"\" \n\t\taria-hidden=\"true\"><\/span>\n\t\t\tnext &gt;\t\t<\/span>\n\t\t\t<\/a>\n\t<\/div>\n<\/div><\/div><\/div><\/div><\/div><\/div><\/div>","protected":false},"excerpt":{"rendered":"<p>(click a picture above to select episode) Dir \/ Art dir: Manuel Sacadura Lip-sync + anim: Armindo Teixeira Illustration + graphic design: Elvira Moreno-Tapia Client: OEI \/ Prod: Help Images Script: Raquel Clemente Martins @Help Images General Dir: Ricardo Nogueira e Raquel Clemente Martins @Help Images Sound: Andr\u00e9 do A\u00fadio @fast forward Voice Over: Rafael &hellip; <\/p>\n<p class=\"link-more\"><a href=\"https:\/\/homyanimation.com\/index.php\/homy_en\/work\/flor_en\/\" class=\"more-link\">Continuar a ler <span class=\"screen-reader-text\">&#8220;Biggest Flower In The World&#8221;<\/span><\/a><\/p>\n","protected":false},"author":1,"featured_media":0,"parent":470,"menu_order":0,"comment_status":"closed","ping_status":"closed","template":"","meta":{"inline_featured_image":false,"ngg_post_thumbnail":0,"footnotes":""},"class_list":["post-1643","page","type-page","status-publish","hentry"],"yoast_head":"<!-- This site is optimized with the Yoast SEO plugin v27.4 - https:\/\/yoast.com\/product\/yoast-seo-wordpress\/ -->\n<title>Biggest Flower In The World &#8902; HOMY Animation<\/title>\n<meta name=\"robots\" content=\"index, follow, max-snippet:-1, max-image-preview:large, max-video-preview:-1\" \/>\n<link rel=\"canonical\" href=\"https:\/\/homyanimation.com\/index.php\/homy_en\/work\/flor_en\/\" \/>\n<meta property=\"og:locale\" content=\"pt_PT\" \/>\n<meta property=\"og:type\" content=\"article\" \/>\n<meta property=\"og:title\" content=\"Biggest Flower In The World &#8902; HOMY Animation\" \/>\n<meta property=\"og:description\" content=\"(click a picture above to select episode) Dir \/ Art dir: Manuel Sacadura Lip-sync + anim: Armindo Teixeira Illustration + graphic design: Elvira Moreno-Tapia Client: OEI \/ Prod: Help Images Script: Raquel Clemente Martins @Help Images General Dir: Ricardo Nogueira e Raquel Clemente Martins @Help Images Sound: Andr\u00e9 do A\u00fadio @fast forward Voice Over: Rafael &hellip; Continuar a ler &quot;Biggest Flower In The World&quot;\" \/>\n<meta property=\"og:url\" content=\"https:\/\/homyanimation.com\/index.php\/homy_en\/work\/flor_en\/\" \/>\n<meta property=\"og:site_name\" content=\"HOMY Animation\" \/>\n<meta property=\"article:publisher\" content=\"https:\/\/www.facebook.com\/pg\/Homy-Animation-336483537135913\" \/>\n<meta property=\"article:modified_time\" content=\"2025-07-17T16:08:37+00:00\" \/>\n<meta property=\"og:image\" content=\"https:\/\/homyanimation.com\/wp-content\/uploads\/2019\/04\/HOMY-animation@0.5x-226x300.png\" \/>\n<meta name=\"twitter:card\" content=\"summary_large_image\" \/>\n<meta name=\"twitter:label1\" content=\"Tempo estimado de leitura\" \/>\n\t<meta name=\"twitter:data1\" content=\"5 minutos\" \/>\n<script type=\"application\/ld+json\" class=\"yoast-schema-graph\">{\"@context\":\"https:\\\/\\\/schema.org\",\"@graph\":[{\"@type\":\"WebPage\",\"@id\":\"https:\\\/\\\/homyanimation.com\\\/index.php\\\/homy_en\\\/work\\\/flor_en\\\/\",\"url\":\"https:\\\/\\\/homyanimation.com\\\/index.php\\\/homy_en\\\/work\\\/flor_en\\\/\",\"name\":\"Biggest Flower In The World &#8902; HOMY Animation\",\"isPartOf\":{\"@id\":\"https:\\\/\\\/homyanimation.com\\\/#website\"},\"primaryImageOfPage\":{\"@id\":\"https:\\\/\\\/homyanimation.com\\\/index.php\\\/homy_en\\\/work\\\/flor_en\\\/#primaryimage\"},\"image\":{\"@id\":\"https:\\\/\\\/homyanimation.com\\\/index.php\\\/homy_en\\\/work\\\/flor_en\\\/#primaryimage\"},\"thumbnailUrl\":\"https:\\\/\\\/homyanimation.com\\\/wp-content\\\/uploads\\\/2019\\\/04\\\/HOMY-animation@0.5x-226x300.png\",\"datePublished\":\"2024-03-04T18:02:10+00:00\",\"dateModified\":\"2025-07-17T16:08:37+00:00\",\"breadcrumb\":{\"@id\":\"https:\\\/\\\/homyanimation.com\\\/index.php\\\/homy_en\\\/work\\\/flor_en\\\/#breadcrumb\"},\"inLanguage\":\"pt-PT\",\"potentialAction\":[{\"@type\":\"ReadAction\",\"target\":[\"https:\\\/\\\/homyanimation.com\\\/index.php\\\/homy_en\\\/work\\\/flor_en\\\/\"]}]},{\"@type\":\"ImageObject\",\"inLanguage\":\"pt-PT\",\"@id\":\"https:\\\/\\\/homyanimation.com\\\/index.php\\\/homy_en\\\/work\\\/flor_en\\\/#primaryimage\",\"url\":\"https:\\\/\\\/homyanimation.com\\\/wp-content\\\/uploads\\\/2019\\\/04\\\/HOMY-animation@0.5x-226x300.png\",\"contentUrl\":\"https:\\\/\\\/homyanimation.com\\\/wp-content\\\/uploads\\\/2019\\\/04\\\/HOMY-animation@0.5x-226x300.png\"},{\"@type\":\"BreadcrumbList\",\"@id\":\"https:\\\/\\\/homyanimation.com\\\/index.php\\\/homy_en\\\/work\\\/flor_en\\\/#breadcrumb\",\"itemListElement\":[{\"@type\":\"ListItem\",\"position\":1,\"name\":\"Home\",\"item\":\"http:\\\/\\\/homyanimation.com\\\/\"},{\"@type\":\"ListItem\",\"position\":2,\"name\":\"HOMY\",\"item\":\"http:\\\/\\\/homyanimation.com\\\/\"},{\"@type\":\"ListItem\",\"position\":3,\"name\":\"Work\",\"item\":\"https:\\\/\\\/homyanimation.com\\\/index.php\\\/homy_en\\\/work\\\/\"},{\"@type\":\"ListItem\",\"position\":4,\"name\":\"Biggest Flower In The World\"}]},{\"@type\":\"WebSite\",\"@id\":\"https:\\\/\\\/homyanimation.com\\\/#website\",\"url\":\"https:\\\/\\\/homyanimation.com\\\/\",\"name\":\"HOMY Animation\",\"description\":\"expressing motion\",\"publisher\":{\"@id\":\"https:\\\/\\\/homyanimation.com\\\/#organization\"},\"potentialAction\":[{\"@type\":\"SearchAction\",\"target\":{\"@type\":\"EntryPoint\",\"urlTemplate\":\"https:\\\/\\\/homyanimation.com\\\/?s={search_term_string}\"},\"query-input\":{\"@type\":\"PropertyValueSpecification\",\"valueRequired\":true,\"valueName\":\"search_term_string\"}}],\"inLanguage\":\"pt-PT\"},{\"@type\":\"Organization\",\"@id\":\"https:\\\/\\\/homyanimation.com\\\/#organization\",\"name\":\"Homy Animation\",\"url\":\"https:\\\/\\\/homyanimation.com\\\/\",\"logo\":{\"@type\":\"ImageObject\",\"inLanguage\":\"pt-PT\",\"@id\":\"https:\\\/\\\/homyanimation.com\\\/#\\\/schema\\\/logo\\\/image\\\/\",\"url\":\"https:\\\/\\\/i1.wp.com\\\/homyanimation.com\\\/wp-content\\\/uploads\\\/2019\\\/04\\\/Artboard-1-e1569830290964.png?fit=500%2C400&ssl=1\",\"contentUrl\":\"https:\\\/\\\/i1.wp.com\\\/homyanimation.com\\\/wp-content\\\/uploads\\\/2019\\\/04\\\/Artboard-1-e1569830290964.png?fit=500%2C400&ssl=1\",\"width\":500,\"height\":400,\"caption\":\"Homy Animation\"},\"image\":{\"@id\":\"https:\\\/\\\/homyanimation.com\\\/#\\\/schema\\\/logo\\\/image\\\/\"},\"sameAs\":[\"https:\\\/\\\/www.facebook.com\\\/pg\\\/Homy-Animation-336483537135913\",\"https:\\\/\\\/www.instagram.com\\\/homyanimation\"]}]}<\/script>\n<!-- \/ Yoast SEO plugin. -->","yoast_head_json":{"title":"Biggest Flower In The World &#8902; HOMY Animation","robots":{"index":"index","follow":"follow","max-snippet":"max-snippet:-1","max-image-preview":"max-image-preview:large","max-video-preview":"max-video-preview:-1"},"canonical":"https:\/\/homyanimation.com\/index.php\/homy_en\/work\/flor_en\/","og_locale":"pt_PT","og_type":"article","og_title":"Biggest Flower In The World &#8902; HOMY Animation","og_description":"(click a picture above to select episode) Dir \/ Art dir: Manuel Sacadura Lip-sync + anim: Armindo Teixeira Illustration + graphic design: Elvira Moreno-Tapia Client: OEI \/ Prod: Help Images Script: Raquel Clemente Martins @Help Images General Dir: Ricardo Nogueira e Raquel Clemente Martins @Help Images Sound: Andr\u00e9 do A\u00fadio @fast forward Voice Over: Rafael &hellip; Continuar a ler \"Biggest Flower In The World\"","og_url":"https:\/\/homyanimation.com\/index.php\/homy_en\/work\/flor_en\/","og_site_name":"HOMY Animation","article_publisher":"https:\/\/www.facebook.com\/pg\/Homy-Animation-336483537135913","article_modified_time":"2025-07-17T16:08:37+00:00","og_image":[{"url":"https:\/\/homyanimation.com\/wp-content\/uploads\/2019\/04\/HOMY-animation@0.5x-226x300.png","type":"","width":"","height":""}],"twitter_card":"summary_large_image","twitter_misc":{"Tempo estimado de leitura":"5 minutos"},"schema":{"@context":"https:\/\/schema.org","@graph":[{"@type":"WebPage","@id":"https:\/\/homyanimation.com\/index.php\/homy_en\/work\/flor_en\/","url":"https:\/\/homyanimation.com\/index.php\/homy_en\/work\/flor_en\/","name":"Biggest Flower In The World &#8902; HOMY Animation","isPartOf":{"@id":"https:\/\/homyanimation.com\/#website"},"primaryImageOfPage":{"@id":"https:\/\/homyanimation.com\/index.php\/homy_en\/work\/flor_en\/#primaryimage"},"image":{"@id":"https:\/\/homyanimation.com\/index.php\/homy_en\/work\/flor_en\/#primaryimage"},"thumbnailUrl":"https:\/\/homyanimation.com\/wp-content\/uploads\/2019\/04\/HOMY-animation@0.5x-226x300.png","datePublished":"2024-03-04T18:02:10+00:00","dateModified":"2025-07-17T16:08:37+00:00","breadcrumb":{"@id":"https:\/\/homyanimation.com\/index.php\/homy_en\/work\/flor_en\/#breadcrumb"},"inLanguage":"pt-PT","potentialAction":[{"@type":"ReadAction","target":["https:\/\/homyanimation.com\/index.php\/homy_en\/work\/flor_en\/"]}]},{"@type":"ImageObject","inLanguage":"pt-PT","@id":"https:\/\/homyanimation.com\/index.php\/homy_en\/work\/flor_en\/#primaryimage","url":"https:\/\/homyanimation.com\/wp-content\/uploads\/2019\/04\/HOMY-animation@0.5x-226x300.png","contentUrl":"https:\/\/homyanimation.com\/wp-content\/uploads\/2019\/04\/HOMY-animation@0.5x-226x300.png"},{"@type":"BreadcrumbList","@id":"https:\/\/homyanimation.com\/index.php\/homy_en\/work\/flor_en\/#breadcrumb","itemListElement":[{"@type":"ListItem","position":1,"name":"Home","item":"http:\/\/homyanimation.com\/"},{"@type":"ListItem","position":2,"name":"HOMY","item":"http:\/\/homyanimation.com\/"},{"@type":"ListItem","position":3,"name":"Work","item":"https:\/\/homyanimation.com\/index.php\/homy_en\/work\/"},{"@type":"ListItem","position":4,"name":"Biggest Flower In The World"}]},{"@type":"WebSite","@id":"https:\/\/homyanimation.com\/#website","url":"https:\/\/homyanimation.com\/","name":"HOMY Animation","description":"expressing motion","publisher":{"@id":"https:\/\/homyanimation.com\/#organization"},"potentialAction":[{"@type":"SearchAction","target":{"@type":"EntryPoint","urlTemplate":"https:\/\/homyanimation.com\/?s={search_term_string}"},"query-input":{"@type":"PropertyValueSpecification","valueRequired":true,"valueName":"search_term_string"}}],"inLanguage":"pt-PT"},{"@type":"Organization","@id":"https:\/\/homyanimation.com\/#organization","name":"Homy Animation","url":"https:\/\/homyanimation.com\/","logo":{"@type":"ImageObject","inLanguage":"pt-PT","@id":"https:\/\/homyanimation.com\/#\/schema\/logo\/image\/","url":"https:\/\/i1.wp.com\/homyanimation.com\/wp-content\/uploads\/2019\/04\/Artboard-1-e1569830290964.png?fit=500%2C400&ssl=1","contentUrl":"https:\/\/i1.wp.com\/homyanimation.com\/wp-content\/uploads\/2019\/04\/Artboard-1-e1569830290964.png?fit=500%2C400&ssl=1","width":500,"height":400,"caption":"Homy Animation"},"image":{"@id":"https:\/\/homyanimation.com\/#\/schema\/logo\/image\/"},"sameAs":["https:\/\/www.facebook.com\/pg\/Homy-Animation-336483537135913","https:\/\/www.instagram.com\/homyanimation"]}]}},"_links":{"self":[{"href":"https:\/\/homyanimation.com\/index.php\/wp-json\/wp\/v2\/pages\/1643","targetHints":{"allow":["GET"]}}],"collection":[{"href":"https:\/\/homyanimation.com\/index.php\/wp-json\/wp\/v2\/pages"}],"about":[{"href":"https:\/\/homyanimation.com\/index.php\/wp-json\/wp\/v2\/types\/page"}],"author":[{"embeddable":true,"href":"https:\/\/homyanimation.com\/index.php\/wp-json\/wp\/v2\/users\/1"}],"replies":[{"embeddable":true,"href":"https:\/\/homyanimation.com\/index.php\/wp-json\/wp\/v2\/comments?post=1643"}],"version-history":[{"count":12,"href":"https:\/\/homyanimation.com\/index.php\/wp-json\/wp\/v2\/pages\/1643\/revisions"}],"predecessor-version":[{"id":2019,"href":"https:\/\/homyanimation.com\/index.php\/wp-json\/wp\/v2\/pages\/1643\/revisions\/2019"}],"up":[{"embeddable":true,"href":"https:\/\/homyanimation.com\/index.php\/wp-json\/wp\/v2\/pages\/470"}],"wp:attachment":[{"href":"https:\/\/homyanimation.com\/index.php\/wp-json\/wp\/v2\/media?parent=1643"}],"curies":[{"name":"wp","href":"https:\/\/api.w.org\/{rel}","templated":true}]}}