{"id":1912,"date":"2024-03-04T17:58:59","date_gmt":"2024-03-04T17:58:59","guid":{"rendered":"https:\/\/homyanimation.com\/?page_id=1912"},"modified":"2025-09-09T12:00:47","modified_gmt":"2025-09-09T11:00:47","slug":"babyberry","status":"publish","type":"page","link":"https:\/\/homyanimation.com\/index.php\/pt\/homy-pt\/trabalhos\/babyberry\/","title":{"rendered":"Baby Berry"},"content":{"rendered":"<div id=\"pl-1912\"  class=\"panel-layout\" ><div id=\"pg-1912-0\"  class=\"panel-grid panel-has-style\"  style=\"margin-bottom: 0px\" ><div class=\"siteorigin-panels-stretch panel-row-style panel-row-style-for-1912-0\" style=\"padding: 0px 0px 0px 0px;\" data-stretch-type=\"full-width-stretch\" ><div id=\"pgc-1912-0-0\"  class=\"panel-grid-cell\" ><div id=\"panel-1912-0-0-0\" class=\"so-panel widget widget_sow-headline panel-first-child\" data-index=\"0\" style=\"margin: 0px 0px 0px 0px;\" ><div style=\"padding: 0px 0px 0px 0px;\" class=\"panel-widget-style panel-widget-style-for-1912-0-0-0\" ><div\n\t\t\t\n\t\t\tclass=\"so-widget-sow-headline so-widget-sow-headline-default-9b1993443342-1912\"\n\t\t\t\n\t\t><div class=\"sow-headline-container \">\n\t\t\t\t\t\t\t<h1 class=\"sow-headline\">\n\t\t\t\t\t\tBaby Berry\t\t\t\t\t\t<\/h1>\n\t\t\t\t\t\t\t\t\t\t\t\t<p class=\"sow-sub-headline\">\n\t\t\t\t\t\tVideos em anima\u00e7\u00e3o 3D criados e produzidos para o canal Baby Berry\t\t\t\t\t\t<\/p>\n\t\t\t\t\t\t<\/div>\n<\/div><\/div><\/div><div id=\"panel-1912-0-0-1\" class=\"so-panel widget widget_media_video\" data-index=\"1\" style=\"margin: 0% 10% 0% 10%;\" ><div style=\"width:100%;\" class=\"wp-video\"><!--[if lt IE 9]><script>document.createElement('video');<\/script><![endif]-->\n<video class=\"wp-video-shortcode\" id=\"video-1912-1\" preload=\"metadata\" controls=\"controls\"><source type=\"video\/vimeo\" src=\"https:\/\/vimeo.com\/910834685?loop=0&#038;_=1\" \/><a href=\"https:\/\/vimeo.com\/910834685?loop=0\">https:\/\/vimeo.com\/910834685?loop=0<\/a><\/video><\/div><\/div><div id=\"panel-1912-0-0-2\" class=\"so-panel widget widget_media_video\" data-index=\"2\" style=\"margin: 0% 10% 0% 10%;\" ><div style=\"width:100%;\" class=\"wp-video\"><video class=\"wp-video-shortcode\" id=\"video-1912-2\" preload=\"metadata\" controls=\"controls\"><source type=\"video\/vimeo\" src=\"https:\/\/vimeo.com\/912861565?loop=0&#038;_=2\" \/><a href=\"https:\/\/vimeo.com\/912861565?loop=0\">https:\/\/vimeo.com\/912861565?loop=0<\/a><\/video><\/div><\/div><div id=\"panel-1912-0-0-3\" class=\"so-panel widget widget_sow-editor\" data-index=\"3\" style=\"margin: 0% 10% 0% 10%;\" ><div style=\"padding: 0% 10% 0% 10%;\" class=\"panel-widget-style panel-widget-style-for-1912-0-0-3\" ><div\n\t\t\t\n\t\t\tclass=\"so-widget-sow-editor so-widget-sow-editor-base\"\n\t\t\t\n\t\t><h3 class=\"widget-title\">Cr\u00e9ditos\u00a0 \u00a0 \u00a0 \u00a0 \u00a0 \u00a0 \u00a0 \u00a0 \u00a0 \u00a0 \u00a0 \u00a0 \u00a0<\/h3>\n<div class=\"siteorigin-widget-tinymce textwidget\">\n\t<p><em><strong>Dir\/Script\/Prod<\/strong><\/em>:<br \/>\nManuel Sacadura<br \/>\n<em><strong>Anima\u00e7\u00e3o 3D:<\/strong><\/em><br \/>\nMargarida Silva, Henrique Melo,<br \/>\nLeandro Rosales, Kleyder Porto,<br \/>\nManuel Sacadura<br \/>\n<em><strong>Rigs\/Adere\u00e7os\/Afx:<\/strong><\/em><br \/>\nManel Sacadura, Ruben Fonseca<br \/>\n<em><strong>Personagens, ambiente, banda sonora:<\/strong><\/em><br \/>\nCanal Baby Berry<\/p>\n<\/div>\n<\/div><\/div><\/div><div id=\"panel-1912-0-0-4\" class=\"so-panel widget widget_sow-editor panel-last-child\" data-index=\"4\" style=\"margin: 0% 10% 0% 10%;\" ><div style=\"padding: 0% 10% 0% 10%;\" class=\"panel-widget-style panel-widget-style-for-1912-0-0-4\" ><div\n\t\t\t\n\t\t\tclass=\"so-widget-sow-editor so-widget-sow-editor-base\"\n\t\t\t\n\t\t><h3 class=\"widget-title\"> \u00a0 \u00a0 \u00a0 \u00a0 \u00a0 \u00a0 \u00a0 \u00a0<\/h3>\n<div class=\"siteorigin-widget-tinymce textwidget\">\n\t<p>Baby Berry pediu-nos&nbsp; ajuda para melhorar a qualidade dos v\u00eddeos do seu canal de Youtube. Para come\u00e7ar, melhoramos a geometria dos personagens principais existente, novas texturas foram adicionadas e novos adere\u00e7os foram criados.<\/p>\n<p>Fomos em seguida desafiados a encarregar-nos de produzir integralmente um pequeno grupo de v\u00eddeos, cumprindo o objetivo de estabelecer o novo padr\u00e3o de qualidade.<\/p>\n<p>Em seguida, de acordo com o plano, a produ\u00e7\u00e3o foi assumida por duas empresas maiores. Para uma delas, que produziu mais 8 epis\u00f3dios, tivemos a cargo o script breaking, a realiza\u00e7\u00e3o, os animatics, direc\u00e7\u00e3o de anima\u00e7\u00e3o, apoio art\u00edstico e supervis\u00e3o de render.<\/p>\n<p>Actualmente a produ\u00e7\u00e3o em curso \u00e9 feita por uma empresa de grande dimens\u00e3o, mas o cliente optou manter a nossa colabora\u00e7\u00e3o, pelo que agora asseguramos assessoria t\u00e9cnica, supervis\u00e3o geral de anima\u00e7\u00e3o e consultoria art\u00edstica.<\/p>\n<p>Tudo isso (e muito mais) pode ver-se no canal Baby Berry: <span style=\"font-size: 1rem;\">https:\/\/www.youtube.com\/@babyberrytv<\/span><\/p>\n<\/div>\n<\/div><\/div><\/div><\/div><\/div><\/div><div id=\"pg-1912-1\"  class=\"panel-grid panel-no-style\"  style=\"margin-bottom: 30px\" ><div id=\"pgc-1912-1-0\"  class=\"panel-grid-cell panel-grid-cell-empty panel-grid-cell-mobile-last\" ><\/div><div id=\"pgc-1912-1-1\"  class=\"panel-grid-cell panel-grid-cell-empty\" ><\/div><\/div><div id=\"pg-1912-2\"  class=\"panel-grid panel-has-style\"  style=\"margin-bottom: 0px\" ><div class=\"siteorigin-panels-stretch panel-row-style panel-row-style-for-1912-2\" style=\"padding: 0px 0px 0px 0px;\" data-stretch-type=\"full-width-stretch\" ><div id=\"pgc-1912-2-0\"  class=\"panel-grid-cell\" ><div id=\"panel-1912-2-0-0\" class=\"so-panel widget widget_sow-headline panel-first-child\" data-index=\"5\" style=\"margin: 0px 0px 0px 0px;\" ><div style=\"padding: 0px 0px 0px 0px;\" class=\"panel-widget-style panel-widget-style-for-1912-2-0-0\" ><div\n\t\t\t\n\t\t\tclass=\"so-widget-sow-headline so-widget-sow-headline-default-c4f3c34e9afd-1912\"\n\t\t\t\n\t\t><div class=\"sow-headline-container \">\n\t\t\t\t\t\t<div class=\"decoration\">\n\t\t\t\t\t\t<div class=\"decoration-inside\"><\/div>\n\t\t\t\t\t<\/div>\n\t\t\t\t\t\t\t\t\t\t\t<h3 class=\"sow-headline\">\n\t\t\t\t\t\tDetalhes de Produ\u00e7\u00e3o\t\t\t\t\t\t<\/h3>\n\t\t\t\t\t\t<\/div>\n<\/div><\/div><\/div><div id=\"panel-1912-2-0-1\" class=\"so-panel widget widget_sow-editor\" data-index=\"6\" style=\"margin: 0% 7% 0% 7%;\" ><div style=\"padding: 0px 0px 0px 0px;\" class=\"panel-widget-style panel-widget-style-for-1912-2-0-1\" ><div\n\t\t\t\n\t\t\tclass=\"so-widget-sow-editor so-widget-sow-editor-base\"\n\t\t\t\n\t\t>\n<div class=\"siteorigin-widget-tinymce textwidget\">\n\t<p style=\"text-align: center;\">Como exemplo, este \u00e9 o storyboard de um dos epis\u00f3dios produzidos externamente. Muitas dessas imagens foram adaptadas e utilizadas no subsequente&nbsp; animatic.<\/p>\n<p style=\"text-align: center;\">No mesmo ficheiro tamb\u00e9m seguiram notas especiais sobre acting, detalhes t\u00e9cnicos, refer\u00eancias para adere\u00e7os, etc.<\/p>\nngg_shortcode_0_placeholder\n<\/div>\n<\/div><\/div><\/div><div id=\"panel-1912-2-0-2\" class=\"so-panel widget widget_sow-editor\" data-index=\"7\" style=\"margin: 0% 10% 0% 10%;\" ><div style=\"padding: 0px 10px 0px 10px;\" class=\"panel-widget-style panel-widget-style-for-1912-2-0-2\" ><div\n\t\t\t\n\t\t\tclass=\"so-widget-sow-editor so-widget-sow-editor-base\"\n\t\t\t\n\t\t>\n<div class=\"siteorigin-widget-tinymce textwidget\">\n\t<p style=\"text-align: center;\">Alguns adere\u00e7os necess\u00e1rios tiveram que ser criados e riggados, e recursos espec\u00edficos foram adicionados a algumas personagens.<\/p>\n<p style=\"text-align: center;\">Aqui est\u00e3o alguns exemplos de notas sobre controladores, preparadas para os animadores.<\/p>\nngg_shortcode_1_placeholder\n<\/div>\n<\/div><\/div><\/div><div id=\"panel-1912-2-0-3\" class=\"so-panel widget widget_sow-editor\" data-index=\"8\" style=\"margin: 0% 10% 0% 10%;\" ><div style=\"padding: 0px 10px 0px 10px;\" class=\"panel-widget-style panel-widget-style-for-1912-2-0-3\" ><div\n\t\t\t\n\t\t\tclass=\"so-widget-sow-editor so-widget-sow-editor-base\"\n\t\t\t\n\t\t>\n<div class=\"siteorigin-widget-tinymce textwidget\">\n\t<p style=\"text-align: center;\">Algumas imagens de demonstra\u00e7\u00e3o da fase de pr\u00e9-produ\u00e7\u00e3o: testes de rig, express\u00f5es faciais, novas roupas e texturas<\/p>\nngg_shortcode_2_placeholder\n<\/div>\n<\/div><\/div><\/div><div id=\"panel-1912-2-0-4\" class=\"so-panel widget widget_sow-editor panel-last-child\" data-index=\"9\" style=\"margin: 0px 0px 0px 0px;\" ><div style=\"padding: 0px 0px 0px 0px;\" class=\"panel-widget-style panel-widget-style-for-1912-2-0-4\" ><div\n\t\t\t\n\t\t\tclass=\"so-widget-sow-editor so-widget-sow-editor-base\"\n\t\t\t\n\t\t>\n<div class=\"siteorigin-widget-tinymce textwidget\">\n\t<h3 style=\"text-align: center;\">Obrigado pelo visionamento!&nbsp; \ud83d\ude03<\/h3>\n<p><a href=\"https:\/\/homyanimation.com\/index.php\/pt\/homy-pt\/\"><img loading=\"lazy\" decoding=\"async\" class=\"alignnone wp-image-7 aligncenter\" src=\"https:\/\/homyanimation.com\/wp-content\/uploads\/2019\/04\/HOMY-animation@0.5x-226x300.png\" alt=\"\" width=\"88\" height=\"117\"\/><\/a><\/p>\n<\/div>\n<\/div><\/div><\/div><\/div><\/div><\/div><div id=\"pg-1912-3\"  class=\"panel-grid panel-has-style\"  style=\"margin-bottom: 0px\" ><div class=\"siteorigin-panels-stretch panel-row-style panel-row-style-for-1912-3\" style=\"padding: 0px 0px 0px 0px;\" data-stretch-type=\"full\" ><div id=\"pgc-1912-3-0\"  class=\"panel-grid-cell\" ><div id=\"panel-1912-3-0-0\" class=\"so-panel widget widget_sow-button panel-first-child panel-last-child\" data-index=\"10\" style=\"margin: 0px 0px 0px 0px;\" ><div style=\"padding: 0% 15% 0% 15%;\" class=\"panel-widget-style panel-widget-style-for-1912-3-0-0\" ><div\n\t\t\t\n\t\t\tclass=\"so-widget-sow-button so-widget-sow-button-flat-e4fce57fd683-1912\"\n\t\t\t\n\t\t><div class=\"ow-button-base ow-button-align-center\"\n>\n\t\t\t<a\n\t\t\t\t\thref=\"https:\/\/homyanimation.com\/index.php\/pt\/homy-pt\/trabalhos\/desenho-animado\/\"\n\t\t\t\t\tclass=\"sowb-button ow-icon-placement-left ow-button-hover\" \t>\n\t\t<span>\n\t\t\t<span class=\"sow-icon-fontawesome sow-far\" data-sow-icon=\"&#xf0a5;\"\n\t\tstyle=\"\" \n\t\taria-hidden=\"true\"><\/span>\n\t\t\t&lt; anterior\t\t<\/span>\n\t\t\t<\/a>\n\t<\/div>\n<\/div><\/div><\/div><\/div><div id=\"pgc-1912-3-1\"  class=\"panel-grid-cell\" ><div id=\"panel-1912-3-1-0\" class=\"so-panel widget widget_sow-button panel-first-child panel-last-child\" data-index=\"11\" style=\"margin: 0px 0px 0px 0px;\" ><div style=\"padding: 0% 15% 0% 15%;\" class=\"panel-widget-style panel-widget-style-for-1912-3-1-0\" ><div\n\t\t\t\n\t\t\tclass=\"so-widget-sow-button so-widget-sow-button-flat-c313b5801751-1912\"\n\t\t\t\n\t\t><div class=\"ow-button-base ow-button-align-center\"\n>\n\t\t\t<a\n\t\t\t\t\thref=\"https:\/\/homyanimation.com\/index.php\/pt\/homy-pt\/trabalhos\/\"\n\t\t\t\t\tclass=\"sowb-button ow-icon-placement-right ow-button-hover\" \t>\n\t\t<span>\n\t\t\t\n\t\t\ttrabalhos\t\t<\/span>\n\t\t\t<\/a>\n\t<\/div>\n<\/div><\/div><\/div><\/div><div id=\"pgc-1912-3-2\"  class=\"panel-grid-cell\" ><div id=\"panel-1912-3-2-0\" class=\"so-panel widget widget_sow-button panel-first-child panel-last-child\" data-index=\"12\" style=\"margin: 0px 0px 0px 0px;\" ><div style=\"padding: 0% 15% 0% 15%;\" class=\"panel-widget-style panel-widget-style-for-1912-3-2-0\" ><div\n\t\t\t\n\t\t\tclass=\"so-widget-sow-button so-widget-sow-button-flat-e4fce57fd683-1912\"\n\t\t\t\n\t\t><div class=\"ow-button-base ow-button-align-center\"\n>\n\t\t\t<a\n\t\t\t\t\thref=\"https:\/\/homyanimation.com\/index.php\/pt\/homy-pt\/trabalhos\/pip-e-poppy\/\"\n\t\t\t\t\tclass=\"sowb-button ow-icon-placement-right ow-button-hover\" \t>\n\t\t<span>\n\t\t\t<span class=\"sow-icon-fontawesome sow-far\" data-sow-icon=\"&#xf0a4;\"\n\t\tstyle=\"\" \n\t\taria-hidden=\"true\"><\/span>\n\t\t\tseguinte &gt;\t\t<\/span>\n\t\t\t<\/a>\n\t<\/div>\n<\/div><\/div><\/div><\/div><\/div><\/div><\/div>","protected":false},"excerpt":{"rendered":"<p>Dir\/Script\/Prod: Manuel Sacadura Anima\u00e7\u00e3o 3D: Margarida Silva, Henrique Melo, Leandro Rosales, Kleyder Porto, Manuel Sacadura Rigs\/Adere\u00e7os\/Afx: Manel Sacadura, Ruben Fonseca Personagens, ambiente, banda sonora: Canal Baby Berry Baby Berry pediu-nos&nbsp; ajuda para melhorar a qualidade dos v\u00eddeos do seu canal de Youtube. Para come\u00e7ar, melhoramos a geometria dos personagens principais existente, novas texturas foram adicionadas &hellip; <\/p>\n<p class=\"link-more\"><a href=\"https:\/\/homyanimation.com\/index.php\/pt\/homy-pt\/trabalhos\/babyberry\/\" class=\"more-link\">Continuar a ler <span class=\"screen-reader-text\">&#8220;Baby Berry&#8221;<\/span><\/a><\/p>\n","protected":false},"author":1,"featured_media":0,"parent":987,"menu_order":0,"comment_status":"closed","ping_status":"closed","template":"","meta":{"inline_featured_image":false,"ngg_post_thumbnail":0,"footnotes":""},"class_list":["post-1912","page","type-page","status-publish","hentry"],"yoast_head":"<!-- This site is optimized with the Yoast SEO plugin v27.4 - https:\/\/yoast.com\/product\/yoast-seo-wordpress\/ -->\n<title>Baby Berry &#8902; HOMY Animation<\/title>\n<meta name=\"robots\" content=\"index, follow, max-snippet:-1, max-image-preview:large, max-video-preview:-1\" \/>\n<link rel=\"canonical\" href=\"https:\/\/homyanimation.com\/index.php\/pt\/homy-pt\/trabalhos\/babyberry\/\" \/>\n<meta property=\"og:locale\" content=\"pt_PT\" \/>\n<meta property=\"og:type\" content=\"article\" \/>\n<meta property=\"og:title\" content=\"Baby Berry &#8902; HOMY Animation\" \/>\n<meta property=\"og:description\" content=\"Dir\/Script\/Prod: Manuel Sacadura Anima\u00e7\u00e3o 3D: Margarida Silva, Henrique Melo, Leandro Rosales, Kleyder Porto, Manuel Sacadura Rigs\/Adere\u00e7os\/Afx: Manel Sacadura, Ruben Fonseca Personagens, ambiente, banda sonora: Canal Baby Berry Baby Berry pediu-nos&nbsp; ajuda para melhorar a qualidade dos v\u00eddeos do seu canal de Youtube. Para come\u00e7ar, melhoramos a geometria dos personagens principais existente, novas texturas foram adicionadas &hellip; Continuar a ler &quot;Baby Berry&quot;\" \/>\n<meta property=\"og:url\" content=\"https:\/\/homyanimation.com\/index.php\/pt\/homy-pt\/trabalhos\/babyberry\/\" \/>\n<meta property=\"og:site_name\" content=\"HOMY Animation\" \/>\n<meta property=\"article:publisher\" content=\"https:\/\/www.facebook.com\/pg\/Homy-Animation-336483537135913\" \/>\n<meta property=\"article:modified_time\" content=\"2025-09-09T11:00:47+00:00\" \/>\n<meta property=\"og:image\" content=\"https:\/\/homyanimation.com\/wp-content\/uploads\/2019\/04\/HOMY-animation@0.5x-226x300.png\" \/>\n<meta name=\"twitter:card\" content=\"summary_large_image\" \/>\n<meta name=\"twitter:label1\" content=\"Tempo estimado de leitura\" \/>\n\t<meta name=\"twitter:data1\" content=\"4 minutos\" \/>\n<script type=\"application\/ld+json\" class=\"yoast-schema-graph\">{\"@context\":\"https:\\\/\\\/schema.org\",\"@graph\":[{\"@type\":\"WebPage\",\"@id\":\"https:\\\/\\\/homyanimation.com\\\/index.php\\\/pt\\\/homy-pt\\\/trabalhos\\\/babyberry\\\/\",\"url\":\"https:\\\/\\\/homyanimation.com\\\/index.php\\\/pt\\\/homy-pt\\\/trabalhos\\\/babyberry\\\/\",\"name\":\"Baby Berry &#8902; HOMY Animation\",\"isPartOf\":{\"@id\":\"https:\\\/\\\/homyanimation.com\\\/#website\"},\"primaryImageOfPage\":{\"@id\":\"https:\\\/\\\/homyanimation.com\\\/index.php\\\/pt\\\/homy-pt\\\/trabalhos\\\/babyberry\\\/#primaryimage\"},\"image\":{\"@id\":\"https:\\\/\\\/homyanimation.com\\\/index.php\\\/pt\\\/homy-pt\\\/trabalhos\\\/babyberry\\\/#primaryimage\"},\"thumbnailUrl\":\"https:\\\/\\\/homyanimation.com\\\/wp-content\\\/uploads\\\/2019\\\/04\\\/HOMY-animation@0.5x-226x300.png\",\"datePublished\":\"2024-03-04T17:58:59+00:00\",\"dateModified\":\"2025-09-09T11:00:47+00:00\",\"breadcrumb\":{\"@id\":\"https:\\\/\\\/homyanimation.com\\\/index.php\\\/pt\\\/homy-pt\\\/trabalhos\\\/babyberry\\\/#breadcrumb\"},\"inLanguage\":\"pt-PT\",\"potentialAction\":[{\"@type\":\"ReadAction\",\"target\":[\"https:\\\/\\\/homyanimation.com\\\/index.php\\\/pt\\\/homy-pt\\\/trabalhos\\\/babyberry\\\/\"]}]},{\"@type\":\"ImageObject\",\"inLanguage\":\"pt-PT\",\"@id\":\"https:\\\/\\\/homyanimation.com\\\/index.php\\\/pt\\\/homy-pt\\\/trabalhos\\\/babyberry\\\/#primaryimage\",\"url\":\"https:\\\/\\\/homyanimation.com\\\/wp-content\\\/uploads\\\/2019\\\/04\\\/HOMY-animation@0.5x-226x300.png\",\"contentUrl\":\"https:\\\/\\\/homyanimation.com\\\/wp-content\\\/uploads\\\/2019\\\/04\\\/HOMY-animation@0.5x-226x300.png\"},{\"@type\":\"BreadcrumbList\",\"@id\":\"https:\\\/\\\/homyanimation.com\\\/index.php\\\/pt\\\/homy-pt\\\/trabalhos\\\/babyberry\\\/#breadcrumb\",\"itemListElement\":[{\"@type\":\"ListItem\",\"position\":1,\"name\":\"Home\",\"item\":\"http:\\\/\\\/homyanimation.com\\\/\"},{\"@type\":\"ListItem\",\"position\":2,\"name\":\"HOMY\",\"item\":\"https:\\\/\\\/homyanimation.com\\\/index.php\\\/pt\\\/homy-pt\\\/\"},{\"@type\":\"ListItem\",\"position\":3,\"name\":\"Trabalhos\",\"item\":\"https:\\\/\\\/homyanimation.com\\\/index.php\\\/pt\\\/homy-pt\\\/trabalhos\\\/\"},{\"@type\":\"ListItem\",\"position\":4,\"name\":\"Baby Berry\"}]},{\"@type\":\"WebSite\",\"@id\":\"https:\\\/\\\/homyanimation.com\\\/#website\",\"url\":\"https:\\\/\\\/homyanimation.com\\\/\",\"name\":\"HOMY Animation\",\"description\":\"expressing motion\",\"publisher\":{\"@id\":\"https:\\\/\\\/homyanimation.com\\\/#organization\"},\"potentialAction\":[{\"@type\":\"SearchAction\",\"target\":{\"@type\":\"EntryPoint\",\"urlTemplate\":\"https:\\\/\\\/homyanimation.com\\\/?s={search_term_string}\"},\"query-input\":{\"@type\":\"PropertyValueSpecification\",\"valueRequired\":true,\"valueName\":\"search_term_string\"}}],\"inLanguage\":\"pt-PT\"},{\"@type\":\"Organization\",\"@id\":\"https:\\\/\\\/homyanimation.com\\\/#organization\",\"name\":\"Homy Animation\",\"url\":\"https:\\\/\\\/homyanimation.com\\\/\",\"logo\":{\"@type\":\"ImageObject\",\"inLanguage\":\"pt-PT\",\"@id\":\"https:\\\/\\\/homyanimation.com\\\/#\\\/schema\\\/logo\\\/image\\\/\",\"url\":\"https:\\\/\\\/i1.wp.com\\\/homyanimation.com\\\/wp-content\\\/uploads\\\/2019\\\/04\\\/Artboard-1-e1569830290964.png?fit=500%2C400&ssl=1\",\"contentUrl\":\"https:\\\/\\\/i1.wp.com\\\/homyanimation.com\\\/wp-content\\\/uploads\\\/2019\\\/04\\\/Artboard-1-e1569830290964.png?fit=500%2C400&ssl=1\",\"width\":500,\"height\":400,\"caption\":\"Homy Animation\"},\"image\":{\"@id\":\"https:\\\/\\\/homyanimation.com\\\/#\\\/schema\\\/logo\\\/image\\\/\"},\"sameAs\":[\"https:\\\/\\\/www.facebook.com\\\/pg\\\/Homy-Animation-336483537135913\",\"https:\\\/\\\/www.instagram.com\\\/homyanimation\"]}]}<\/script>\n<!-- \/ Yoast SEO plugin. -->","yoast_head_json":{"title":"Baby Berry &#8902; HOMY Animation","robots":{"index":"index","follow":"follow","max-snippet":"max-snippet:-1","max-image-preview":"max-image-preview:large","max-video-preview":"max-video-preview:-1"},"canonical":"https:\/\/homyanimation.com\/index.php\/pt\/homy-pt\/trabalhos\/babyberry\/","og_locale":"pt_PT","og_type":"article","og_title":"Baby Berry &#8902; HOMY Animation","og_description":"Dir\/Script\/Prod: Manuel Sacadura Anima\u00e7\u00e3o 3D: Margarida Silva, Henrique Melo, Leandro Rosales, Kleyder Porto, Manuel Sacadura Rigs\/Adere\u00e7os\/Afx: Manel Sacadura, Ruben Fonseca Personagens, ambiente, banda sonora: Canal Baby Berry Baby Berry pediu-nos&nbsp; ajuda para melhorar a qualidade dos v\u00eddeos do seu canal de Youtube. Para come\u00e7ar, melhoramos a geometria dos personagens principais existente, novas texturas foram adicionadas &hellip; Continuar a ler \"Baby Berry\"","og_url":"https:\/\/homyanimation.com\/index.php\/pt\/homy-pt\/trabalhos\/babyberry\/","og_site_name":"HOMY Animation","article_publisher":"https:\/\/www.facebook.com\/pg\/Homy-Animation-336483537135913","article_modified_time":"2025-09-09T11:00:47+00:00","og_image":[{"url":"https:\/\/homyanimation.com\/wp-content\/uploads\/2019\/04\/HOMY-animation@0.5x-226x300.png","type":"","width":"","height":""}],"twitter_card":"summary_large_image","twitter_misc":{"Tempo estimado de leitura":"4 minutos"},"schema":{"@context":"https:\/\/schema.org","@graph":[{"@type":"WebPage","@id":"https:\/\/homyanimation.com\/index.php\/pt\/homy-pt\/trabalhos\/babyberry\/","url":"https:\/\/homyanimation.com\/index.php\/pt\/homy-pt\/trabalhos\/babyberry\/","name":"Baby Berry &#8902; HOMY Animation","isPartOf":{"@id":"https:\/\/homyanimation.com\/#website"},"primaryImageOfPage":{"@id":"https:\/\/homyanimation.com\/index.php\/pt\/homy-pt\/trabalhos\/babyberry\/#primaryimage"},"image":{"@id":"https:\/\/homyanimation.com\/index.php\/pt\/homy-pt\/trabalhos\/babyberry\/#primaryimage"},"thumbnailUrl":"https:\/\/homyanimation.com\/wp-content\/uploads\/2019\/04\/HOMY-animation@0.5x-226x300.png","datePublished":"2024-03-04T17:58:59+00:00","dateModified":"2025-09-09T11:00:47+00:00","breadcrumb":{"@id":"https:\/\/homyanimation.com\/index.php\/pt\/homy-pt\/trabalhos\/babyberry\/#breadcrumb"},"inLanguage":"pt-PT","potentialAction":[{"@type":"ReadAction","target":["https:\/\/homyanimation.com\/index.php\/pt\/homy-pt\/trabalhos\/babyberry\/"]}]},{"@type":"ImageObject","inLanguage":"pt-PT","@id":"https:\/\/homyanimation.com\/index.php\/pt\/homy-pt\/trabalhos\/babyberry\/#primaryimage","url":"https:\/\/homyanimation.com\/wp-content\/uploads\/2019\/04\/HOMY-animation@0.5x-226x300.png","contentUrl":"https:\/\/homyanimation.com\/wp-content\/uploads\/2019\/04\/HOMY-animation@0.5x-226x300.png"},{"@type":"BreadcrumbList","@id":"https:\/\/homyanimation.com\/index.php\/pt\/homy-pt\/trabalhos\/babyberry\/#breadcrumb","itemListElement":[{"@type":"ListItem","position":1,"name":"Home","item":"http:\/\/homyanimation.com\/"},{"@type":"ListItem","position":2,"name":"HOMY","item":"https:\/\/homyanimation.com\/index.php\/pt\/homy-pt\/"},{"@type":"ListItem","position":3,"name":"Trabalhos","item":"https:\/\/homyanimation.com\/index.php\/pt\/homy-pt\/trabalhos\/"},{"@type":"ListItem","position":4,"name":"Baby Berry"}]},{"@type":"WebSite","@id":"https:\/\/homyanimation.com\/#website","url":"https:\/\/homyanimation.com\/","name":"HOMY Animation","description":"expressing motion","publisher":{"@id":"https:\/\/homyanimation.com\/#organization"},"potentialAction":[{"@type":"SearchAction","target":{"@type":"EntryPoint","urlTemplate":"https:\/\/homyanimation.com\/?s={search_term_string}"},"query-input":{"@type":"PropertyValueSpecification","valueRequired":true,"valueName":"search_term_string"}}],"inLanguage":"pt-PT"},{"@type":"Organization","@id":"https:\/\/homyanimation.com\/#organization","name":"Homy Animation","url":"https:\/\/homyanimation.com\/","logo":{"@type":"ImageObject","inLanguage":"pt-PT","@id":"https:\/\/homyanimation.com\/#\/schema\/logo\/image\/","url":"https:\/\/i1.wp.com\/homyanimation.com\/wp-content\/uploads\/2019\/04\/Artboard-1-e1569830290964.png?fit=500%2C400&ssl=1","contentUrl":"https:\/\/i1.wp.com\/homyanimation.com\/wp-content\/uploads\/2019\/04\/Artboard-1-e1569830290964.png?fit=500%2C400&ssl=1","width":500,"height":400,"caption":"Homy Animation"},"image":{"@id":"https:\/\/homyanimation.com\/#\/schema\/logo\/image\/"},"sameAs":["https:\/\/www.facebook.com\/pg\/Homy-Animation-336483537135913","https:\/\/www.instagram.com\/homyanimation"]}]}},"_links":{"self":[{"href":"https:\/\/homyanimation.com\/index.php\/wp-json\/wp\/v2\/pages\/1912","targetHints":{"allow":["GET"]}}],"collection":[{"href":"https:\/\/homyanimation.com\/index.php\/wp-json\/wp\/v2\/pages"}],"about":[{"href":"https:\/\/homyanimation.com\/index.php\/wp-json\/wp\/v2\/types\/page"}],"author":[{"embeddable":true,"href":"https:\/\/homyanimation.com\/index.php\/wp-json\/wp\/v2\/users\/1"}],"replies":[{"embeddable":true,"href":"https:\/\/homyanimation.com\/index.php\/wp-json\/wp\/v2\/comments?post=1912"}],"version-history":[{"count":9,"href":"https:\/\/homyanimation.com\/index.php\/wp-json\/wp\/v2\/pages\/1912\/revisions"}],"predecessor-version":[{"id":2079,"href":"https:\/\/homyanimation.com\/index.php\/wp-json\/wp\/v2\/pages\/1912\/revisions\/2079"}],"up":[{"embeddable":true,"href":"https:\/\/homyanimation.com\/index.php\/wp-json\/wp\/v2\/pages\/987"}],"wp:attachment":[{"href":"https:\/\/homyanimation.com\/index.php\/wp-json\/wp\/v2\/media?parent=1912"}],"curies":[{"name":"wp","href":"https:\/\/api.w.org\/{rel}","templated":true}]}}