{"id":2003,"date":"2025-07-17T16:44:14","date_gmt":"2025-07-17T15:44:14","guid":{"rendered":"https:\/\/homyanimation.com\/?page_id=2003"},"modified":"2025-07-17T17:10:15","modified_gmt":"2025-07-17T16:10:15","slug":"pip-e-poppy","status":"publish","type":"page","link":"https:\/\/homyanimation.com\/index.php\/pt\/homy-pt\/trabalhos\/pip-e-poppy\/","title":{"rendered":"Pip e Poppy"},"content":{"rendered":"<div id=\"pl-2003\"  class=\"panel-layout\" ><div id=\"pg-2003-0\"  class=\"panel-grid panel-has-style\"  style=\"margin-bottom: 0px\" ><div class=\"siteorigin-panels-stretch panel-row-style panel-row-style-for-2003-0\" style=\"padding: 0px 0px 0px 0px;\" data-stretch-type=\"full-width-stretch\" ><div id=\"pgc-2003-0-0\"  class=\"panel-grid-cell\" ><div id=\"panel-2003-0-0-0\" class=\"so-panel widget widget_media_image panel-first-child\" data-index=\"0\" style=\"margin: 0px 0px 0px 0px;\" ><div style=\"padding: 0px 0px 0px 0px;\" class=\"panel-widget-style panel-widget-style-for-2003-0-0-0\" ><img loading=\"lazy\" decoding=\"async\" width=\"2560\" height=\"723\" src=\"https:\/\/homyanimation.com\/wp-content\/uploads\/2025\/07\/PipPoppy_banner-scaled.png\" class=\"image wp-image-1983  attachment-full size-full\" alt=\"\" style=\"max-width: 100%; height: auto;\" srcset=\"https:\/\/homyanimation.com\/wp-content\/uploads\/2025\/07\/PipPoppy_banner-scaled.png 2560w, https:\/\/homyanimation.com\/wp-content\/uploads\/2025\/07\/PipPoppy_banner-300x85.png 300w, https:\/\/homyanimation.com\/wp-content\/uploads\/2025\/07\/PipPoppy_banner-1024x289.png 1024w, https:\/\/homyanimation.com\/wp-content\/uploads\/2025\/07\/PipPoppy_banner-768x217.png 768w, https:\/\/homyanimation.com\/wp-content\/uploads\/2025\/07\/PipPoppy_banner-1536x434.png 1536w, https:\/\/homyanimation.com\/wp-content\/uploads\/2025\/07\/PipPoppy_banner-2048x578.png 2048w\" sizes=\"auto, 100vw\" \/><\/div><\/div><div id=\"panel-2003-0-0-1\" class=\"so-panel widget widget_sow-headline\" data-index=\"1\" style=\"margin: 0px 0px 0px 0px;\" ><div style=\"padding: 0px 0px 0px 0px;\" class=\"panel-widget-style panel-widget-style-for-2003-0-0-1\" ><div\n\t\t\t\n\t\t\tclass=\"so-widget-sow-headline so-widget-sow-headline-default-9b1993443342-2003\"\n\t\t\t\n\t\t><div class=\"sow-headline-container \">\n\t\t\t\t\t\t\t<h1 class=\"sow-headline\">\n\t\t\t\t\t\tPip &amp; Poppy Show\t\t\t\t\t\t<\/h1>\n\t\t\t\t\t\t\t\t\t\t\t\t<p class=\"sow-sub-headline\">\n\t\t\t\t\t\tS\u00e9rie de anima\u00e7\u00e3o 2D criada e produzida para o canal you tube Pip &amp; Poppy Show\t\t\t\t\t\t<\/p>\n\t\t\t\t\t\t<\/div>\n<\/div><\/div><\/div><div id=\"panel-2003-0-0-2\" class=\"so-panel widget widget_sow-editor panel-last-child\" data-index=\"2\" style=\"margin: 0% 8% 0% 8%;\" ><div\n\t\t\t\n\t\t\tclass=\"so-widget-sow-editor so-widget-sow-editor-base\"\n\t\t\t\n\t\t>\n<div class=\"siteorigin-widget-tinymce textwidget\">\n\t<p style=\"text-align: center;\">          <style type=\"text\/css\" id=\"vimeography-gallery-1-custom-css\">\n        \n      \/* Inactive Thumbnail Border Color  *\/\n        #vimeography-gallery-1.vimeography-theme-harvestone .vimeography-thumbnail-container .vimeography-link img { border-color: rgb(204, 204, 204); }\n        \r\n\r\n\/* Active Thumbnail Border Color  *\/\n        #vimeography-gallery-1.vimeography-theme-harvestone .vimeography-thumbnail-container .vimeography-link.vimeography-link-active img { border-color: rgb(255, 60, 0); }\n        \r\n\r\n\/* Spinner Color  *\/\n        #vimeography-gallery-1.vimeography-theme-harvestone .vimeography-player:before { border-top-color: rgb(221, 0, 70); }\n        \r\n\r\n\/* Show Video Titles  *\/\n        #vimeography-gallery-1.vimeography-theme-harvestone .vimeography-title { display: block; }\n        \n          <\/style>\n            <div id=\"vimeography-gallery-1\" class=\"vimeography-theme-harvestone\" data-version=\"2.1\"  itemscope itemtype=\"http:\/\/schema.org\/VideoGallery\">\n        <div id=\"subbie\">\n          <gallery><\/gallery>\n        <\/div>\n      <\/div>\n    <\/p>\n<p style=\"text-align: center;\"><span style=\"color: #666699;\">(clique numa imagem para escolher o epis\u00f3dio)<\/span><\/p>\n<\/div>\n<\/div><\/div><\/div><\/div><\/div><div id=\"pg-2003-1\"  class=\"panel-grid panel-has-style\"  style=\"margin-bottom: 0px\" ><div style=\"padding: 1px 1px 1px 1px;\" class=\"panel-row-style panel-row-style-for-2003-1\" ><div id=\"pgc-2003-1-0\"  class=\"panel-grid-cell\" ><div id=\"panel-2003-1-0-0\" class=\"so-panel widget widget_media_video panel-first-child panel-last-child\" data-index=\"3\" style=\"margin: 1px 1px 1px 1px;\" ><div style=\"padding: 1px 1px 1px 1px;\" class=\"panel-widget-style panel-widget-style-for-2003-1-0-0\" ><div style=\"width:100%;\" class=\"wp-video\"><!--[if lt IE 9]><script>document.createElement('video');<\/script><![endif]-->\n<video class=\"wp-video-shortcode\" id=\"video-2003-1\" preload=\"metadata\" controls=\"controls\"><source type=\"video\/vimeo\" src=\"https:\/\/vimeo.com\/1100317926?loop=0&#038;_=1\" \/><a href=\"https:\/\/vimeo.com\/1100317926?loop=0\">https:\/\/vimeo.com\/1100317926?loop=0<\/a><\/video><\/div><\/div><\/div><\/div><div id=\"pgc-2003-1-1\"  class=\"panel-grid-cell\" ><div id=\"panel-2003-1-1-0\" class=\"so-panel widget widget_media_video panel-first-child panel-last-child\" data-index=\"4\" style=\"margin: 1px 1px 1px 1px;\" ><div style=\"padding: 1px 1px 1px 1px;\" class=\"panel-widget-style panel-widget-style-for-2003-1-1-0\" ><div style=\"width:100%;\" class=\"wp-video\"><video class=\"wp-video-shortcode\" id=\"video-2003-2\" preload=\"metadata\" controls=\"controls\"><source type=\"video\/vimeo\" src=\"https:\/\/vimeo.com\/1100324596?loop=0&#038;_=2\" \/><a href=\"https:\/\/vimeo.com\/1100324596?loop=0\">https:\/\/vimeo.com\/1100324596?loop=0<\/a><\/video><\/div><\/div><\/div><\/div><\/div><\/div><div id=\"pg-2003-2\"  class=\"panel-grid panel-no-style\"  style=\"margin-bottom: 0px\" ><div id=\"pgc-2003-2-0\"  class=\"panel-grid-cell\" ><div id=\"panel-2003-2-0-0\" class=\"so-panel widget widget_sow-editor panel-first-child\" data-index=\"5\" style=\"margin: 0% 10% 0% 10%;\" ><div style=\"padding: 0% 10% 0% 10%;\" class=\"panel-widget-style panel-widget-style-for-2003-2-0-0\" ><div\n\t\t\t\n\t\t\tclass=\"so-widget-sow-editor so-widget-sow-editor-base\"\n\t\t\t\n\t\t><h3 class=\"widget-title\"> \u00a0 \u00a0 \u00a0 \u00a0 \u00a0 \u00a0 \u00a0 \u00a0<\/h3>\n<div class=\"siteorigin-widget-tinymce textwidget\">\n\t<p>Esta s\u00e9rie de anima\u00e7\u00e3o foi criada e produzida pela Homy Animation. O nosso cliente queria come\u00e7ar um novo canal no YouTube e pediu-nos para o construir do zero.<\/p>\n<p>A partir de um breve briefing conceptual, desenh\u00e1mos as personagens e os ambientes, e constru\u00edmos os rigs.<\/p>\n<p>O nome \"Pip And Poppy Show\" foi escolhido pelo cliente algures j\u00e1 perto do final da fase de pr\u00e9-produ\u00e7\u00e3o. Depois, para cada epis\u00f3dio, o cliente enviou-nos a m\u00fasica e a letra, e n\u00f3s cri\u00e1mos uma hist\u00f3ria e uma narrativa visual a partir disso. Foi feito um animatic para cada epis\u00f3dio, do qual partiu a anima\u00e7\u00e3o.<\/p>\n<p>Vejam aqui:<\/p>\n<\/div>\n<\/div><\/div><\/div><div id=\"panel-2003-2-0-1\" class=\"so-panel widget widget_media_video\" data-index=\"6\" style=\"margin: 0% 10% 0% 10%;\" ><div style=\"padding: 0px 0px 0px 0px;\" class=\"panel-widget-style panel-widget-style-for-2003-2-0-1\" ><div style=\"width:100%;\" class=\"wp-video\"><video class=\"wp-video-shortcode\" id=\"video-2003-3\" preload=\"metadata\" controls=\"controls\"><source type=\"video\/vimeo\" src=\"https:\/\/vimeo.com\/1100326738?loop=0&#038;_=3\" \/><a href=\"https:\/\/vimeo.com\/1100326738?loop=0\">https:\/\/vimeo.com\/1100326738?loop=0<\/a><\/video><\/div><\/div><\/div><div id=\"panel-2003-2-0-2\" class=\"so-panel widget widget_sow-editor\" data-index=\"7\" style=\"margin: 0% 10% 0% 10%;\" ><div style=\"padding: 0% 10% 0% 10%;\" class=\"panel-widget-style panel-widget-style-for-2003-2-0-2\" ><div\n\t\t\t\n\t\t\tclass=\"so-widget-sow-editor so-widget-sow-editor-base\"\n\t\t\t\n\t\t><h3 class=\"widget-title\"> \u00a0 \u00a0 \u00a0 \u00a0 \u00a0 \u00a0 \u00a0 \u00a0<\/h3>\n<div class=\"siteorigin-widget-tinymce textwidget\">\n\t<p>Muitos adere\u00e7os adicionais foram desenhados, e preparados para animar com rigs.&nbsp;<\/p>\n<p>Aqui est\u00e1 uma pequena amostra:<\/p>\n<\/div>\n<\/div><\/div><\/div><div id=\"panel-2003-2-0-3\" class=\"so-panel widget widget_media_video panel-last-child\" data-index=\"8\" style=\"margin: 0% 10% 0% 10%;\" ><div style=\"padding: 0px 0px 0px 0px;\" class=\"panel-widget-style panel-widget-style-for-2003-2-0-3\" ><div style=\"width:100%;\" class=\"wp-video\"><video class=\"wp-video-shortcode\" id=\"video-2003-4\" preload=\"metadata\" controls=\"controls\"><source type=\"video\/vimeo\" src=\"https:\/\/vimeo.com\/1100331302?loop=0&#038;_=4\" \/><a href=\"https:\/\/vimeo.com\/1100331302?loop=0\">https:\/\/vimeo.com\/1100331302?loop=0<\/a><\/video><\/div><\/div><\/div><\/div><\/div><div id=\"pg-2003-3\"  class=\"panel-grid panel-has-style\"  style=\"margin-bottom: 0px\" ><div class=\"siteorigin-panels-stretch panel-row-style panel-row-style-for-2003-3\" style=\"padding: 0px 0px 0px 0px;\" data-stretch-type=\"full-width-stretch\" ><div id=\"pgc-2003-3-0\"  class=\"panel-grid-cell\" ><div id=\"panel-2003-3-0-0\" class=\"so-panel widget widget_sow-editor panel-first-child\" data-index=\"9\" style=\"margin: 0% 10% 0% 10%;\" ><div style=\"padding: 0% 10% 0% 10%;\" class=\"panel-widget-style panel-widget-style-for-2003-3-0-0\" ><div\n\t\t\t\n\t\t\tclass=\"so-widget-sow-editor so-widget-sow-editor-base\"\n\t\t\t\n\t\t><h3 class=\"widget-title\">Ficha T\u00e9cnica\u00a0 \u00a0 \u00a0 \u00a0 \u00a0 \u00a0 \u00a0 \u00a0 \u00a0 \u00a0 \u00a0 \u00a0 \u00a0<\/h3>\n<div class=\"siteorigin-widget-tinymce textwidget\">\n\t<p><strong>realiza\u00e7\u00e3o\/produ\u00e7\u00e3o:<\/strong> Manel Sacadura<br \/>\n<strong>Rigging:<\/strong> Andr\u00e9 de Jesus, Manel Sacadura<br \/>\n<strong>design das personagens principais<\/strong>: Sofia Murteira<br \/>\n<strong>design de personagens adicionais:<\/strong> In\u00eas Anacleto<br \/>\n<strong>design de ambientes + adere\u00e7os:<\/strong> Camila Reis \/ Rodrigo Raposo<br \/>\n<strong>desenvolvimento da hist\u00f3ria:<\/strong> Margarida Silva, Manel Sacadura, Nicole Juiz<br \/>\n<strong>animatic:<\/strong> Nicole Juiz<br \/>\n<strong>anima\u00e7\u00e3o moho:<\/strong> Margarida Silva \/ Rafael Rato \/ iAna \/ Jo\u00e3o Martins \/ Hugo Guedes \/ Juan Kaio \/ Ruben Fonseca \/ Maria Carasa \/ Manel Sacadura<br \/>\n<strong>anima\u00e7\u00e3o tradicional:<\/strong> Rodrigo Raposo<br \/>\n<strong>p\u00f3s-produ\u00e7\u00e3o, efeitos, edi\u00e7\u00e3o:<\/strong> Manel Sacadura<br \/>\n<strong>m\u00fasica\/sfx:<\/strong> canal Pip &amp; Poppy Show<\/p>\n<\/div>\n<\/div><\/div><\/div><div id=\"panel-2003-3-0-1\" class=\"so-panel widget widget_sow-editor panel-last-child\" data-index=\"10\" style=\"margin: 0px 0px 0px 0px;\" ><div style=\"padding: 0px 0px 0px 0px;\" class=\"panel-widget-style panel-widget-style-for-2003-3-0-1\" ><div\n\t\t\t\n\t\t\tclass=\"so-widget-sow-editor so-widget-sow-editor-base\"\n\t\t\t\n\t\t>\n<div class=\"siteorigin-widget-tinymce textwidget\">\n\t<h3 style=\"text-align: center;\">Obrigado pela aten\u00e7\u00e3o!&nbsp; \ud83d\ude03<\/h3>\n<p><a href=\"https:\/\/homyanimation.com\/index.php\/pt\/homy-pt\/\"><img loading=\"lazy\" decoding=\"async\" class=\"alignnone wp-image-7 aligncenter\" src=\"https:\/\/homyanimation.com\/wp-content\/uploads\/2019\/04\/HOMY-animation@0.5x-226x300.png\" alt=\"\" width=\"88\" height=\"117\"\/><\/a><\/p>\n<\/div>\n<\/div><\/div><\/div><\/div><\/div><\/div><div id=\"pg-2003-4\"  class=\"panel-grid panel-has-style\"  style=\"margin-bottom: 0px\" ><div class=\"siteorigin-panels-stretch panel-row-style panel-row-style-for-2003-4\" style=\"padding: 0px 0px 0px 0px;\" data-stretch-type=\"full\" ><div id=\"pgc-2003-4-0\"  class=\"panel-grid-cell\" ><div id=\"panel-2003-4-0-0\" class=\"so-panel widget widget_sow-button panel-first-child panel-last-child\" data-index=\"11\" style=\"margin: 0px 0px 0px 0px;\" ><div style=\"padding: 0% 15% 0% 15%;\" class=\"panel-widget-style panel-widget-style-for-2003-4-0-0\" ><div\n\t\t\t\n\t\t\tclass=\"so-widget-sow-button so-widget-sow-button-flat-e4fce57fd683-2003\"\n\t\t\t\n\t\t><div class=\"ow-button-base ow-button-align-center\"\n>\n\t\t\t<a\n\t\t\t\t\thref=\"https:\/\/homyanimation.com\/index.php\/pt\/homy-pt\/trabalhos\/babyberry\/\"\n\t\t\t\t\tclass=\"sowb-button ow-icon-placement-left ow-button-hover\" \t>\n\t\t<span>\n\t\t\t<span class=\"sow-icon-fontawesome sow-far\" data-sow-icon=\"&#xf0a5;\"\n\t\tstyle=\"\" \n\t\taria-hidden=\"true\"><\/span>\n\t\t\t&lt; anterior\t\t<\/span>\n\t\t\t<\/a>\n\t<\/div>\n<\/div><\/div><\/div><\/div><div id=\"pgc-2003-4-1\"  class=\"panel-grid-cell\" ><div id=\"panel-2003-4-1-0\" class=\"so-panel widget widget_sow-button panel-first-child panel-last-child\" data-index=\"12\" style=\"margin: 0px 0px 0px 0px;\" ><div style=\"padding: 0% 15% 0% 15%;\" class=\"panel-widget-style panel-widget-style-for-2003-4-1-0\" ><div\n\t\t\t\n\t\t\tclass=\"so-widget-sow-button so-widget-sow-button-flat-f4baa690c82b-2003\"\n\t\t\t\n\t\t><div class=\"ow-button-base ow-button-align-center\"\n>\n\t\t\t<a\n\t\t\t\t\thref=\"https:\/\/homyanimation.com\/index.php\/homy_en\/work\/\"\n\t\t\t\t\tclass=\"sowb-button ow-icon-placement-right ow-button-hover\" \t>\n\t\t<span>\n\t\t\t\n\t\t\ttrabalhos\t\t<\/span>\n\t\t\t<\/a>\n\t<\/div>\n<\/div><\/div><\/div><\/div><div id=\"pgc-2003-4-2\"  class=\"panel-grid-cell\" ><div id=\"panel-2003-4-2-0\" class=\"so-panel widget widget_sow-button panel-first-child panel-last-child\" data-index=\"13\" style=\"margin: 0px 0px 0px 0px;\" ><div style=\"padding: 0% 15% 0% 15%;\" class=\"panel-widget-style panel-widget-style-for-2003-4-2-0\" ><div\n\t\t\t\n\t\t\tclass=\"so-widget-sow-button so-widget-sow-button-flat-e4fce57fd683-2003\"\n\t\t\t\n\t\t><div class=\"ow-button-base ow-button-align-center\"\n>\n\t\t\t<a\n\t\t\t\t\thref=\"https:\/\/homyanimation.com\/index.php\/pt\/homy-pt\/trabalhos\/flor\/\"\n\t\t\t\t\tclass=\"sowb-button ow-icon-placement-right ow-button-hover\" \t>\n\t\t<span>\n\t\t\t<span class=\"sow-icon-fontawesome sow-far\" data-sow-icon=\"&#xf0a4;\"\n\t\tstyle=\"\" \n\t\taria-hidden=\"true\"><\/span>\n\t\t\tseguinte &gt;\t\t<\/span>\n\t\t\t<\/a>\n\t<\/div>\n<\/div><\/div><\/div><\/div><\/div><\/div><\/div>","protected":false},"excerpt":{"rendered":"<p>(clique numa imagem para escolher o epis\u00f3dio)<\/p>\n","protected":false},"author":1,"featured_media":0,"parent":987,"menu_order":0,"comment_status":"closed","ping_status":"closed","template":"","meta":{"inline_featured_image":false,"ngg_post_thumbnail":0,"footnotes":""},"class_list":["post-2003","page","type-page","status-publish","hentry"],"yoast_head":"<!-- This site is optimized with the Yoast SEO plugin v27.4 - https:\/\/yoast.com\/product\/yoast-seo-wordpress\/ -->\n<title>Pip e Poppy &#8902; HOMY Animation<\/title>\n<meta name=\"robots\" content=\"index, follow, max-snippet:-1, max-image-preview:large, max-video-preview:-1\" \/>\n<link rel=\"canonical\" href=\"https:\/\/homyanimation.com\/index.php\/pt\/homy-pt\/trabalhos\/pip-e-poppy\/\" \/>\n<meta property=\"og:locale\" content=\"pt_PT\" \/>\n<meta property=\"og:type\" content=\"article\" \/>\n<meta property=\"og:title\" content=\"Pip e Poppy &#8902; HOMY Animation\" \/>\n<meta property=\"og:description\" content=\"(clique numa imagem para escolher o epis\u00f3dio)\" \/>\n<meta property=\"og:url\" content=\"https:\/\/homyanimation.com\/index.php\/pt\/homy-pt\/trabalhos\/pip-e-poppy\/\" \/>\n<meta property=\"og:site_name\" content=\"HOMY Animation\" \/>\n<meta property=\"article:publisher\" content=\"https:\/\/www.facebook.com\/pg\/Homy-Animation-336483537135913\" \/>\n<meta property=\"article:modified_time\" content=\"2025-07-17T16:10:15+00:00\" \/>\n<meta property=\"og:image\" content=\"https:\/\/homyanimation.com\/wp-content\/uploads\/2019\/04\/HOMY-animation@0.5x-226x300.png\" \/>\n<meta name=\"twitter:card\" content=\"summary_large_image\" \/>\n<meta name=\"twitter:label1\" content=\"Tempo estimado de leitura\" \/>\n\t<meta name=\"twitter:data1\" content=\"2 minutos\" \/>\n<script type=\"application\/ld+json\" class=\"yoast-schema-graph\">{\"@context\":\"https:\\\/\\\/schema.org\",\"@graph\":[{\"@type\":\"WebPage\",\"@id\":\"https:\\\/\\\/homyanimation.com\\\/index.php\\\/pt\\\/homy-pt\\\/trabalhos\\\/pip-e-poppy\\\/\",\"url\":\"https:\\\/\\\/homyanimation.com\\\/index.php\\\/pt\\\/homy-pt\\\/trabalhos\\\/pip-e-poppy\\\/\",\"name\":\"Pip e Poppy &#8902; HOMY Animation\",\"isPartOf\":{\"@id\":\"https:\\\/\\\/homyanimation.com\\\/#website\"},\"primaryImageOfPage\":{\"@id\":\"https:\\\/\\\/homyanimation.com\\\/index.php\\\/pt\\\/homy-pt\\\/trabalhos\\\/pip-e-poppy\\\/#primaryimage\"},\"image\":{\"@id\":\"https:\\\/\\\/homyanimation.com\\\/index.php\\\/pt\\\/homy-pt\\\/trabalhos\\\/pip-e-poppy\\\/#primaryimage\"},\"thumbnailUrl\":\"https:\\\/\\\/homyanimation.com\\\/wp-content\\\/uploads\\\/2019\\\/04\\\/HOMY-animation@0.5x-226x300.png\",\"datePublished\":\"2025-07-17T15:44:14+00:00\",\"dateModified\":\"2025-07-17T16:10:15+00:00\",\"breadcrumb\":{\"@id\":\"https:\\\/\\\/homyanimation.com\\\/index.php\\\/pt\\\/homy-pt\\\/trabalhos\\\/pip-e-poppy\\\/#breadcrumb\"},\"inLanguage\":\"pt-PT\",\"potentialAction\":[{\"@type\":\"ReadAction\",\"target\":[\"https:\\\/\\\/homyanimation.com\\\/index.php\\\/pt\\\/homy-pt\\\/trabalhos\\\/pip-e-poppy\\\/\"]}]},{\"@type\":\"ImageObject\",\"inLanguage\":\"pt-PT\",\"@id\":\"https:\\\/\\\/homyanimation.com\\\/index.php\\\/pt\\\/homy-pt\\\/trabalhos\\\/pip-e-poppy\\\/#primaryimage\",\"url\":\"https:\\\/\\\/homyanimation.com\\\/wp-content\\\/uploads\\\/2019\\\/04\\\/HOMY-animation@0.5x-226x300.png\",\"contentUrl\":\"https:\\\/\\\/homyanimation.com\\\/wp-content\\\/uploads\\\/2019\\\/04\\\/HOMY-animation@0.5x-226x300.png\"},{\"@type\":\"BreadcrumbList\",\"@id\":\"https:\\\/\\\/homyanimation.com\\\/index.php\\\/pt\\\/homy-pt\\\/trabalhos\\\/pip-e-poppy\\\/#breadcrumb\",\"itemListElement\":[{\"@type\":\"ListItem\",\"position\":1,\"name\":\"Home\",\"item\":\"http:\\\/\\\/homyanimation.com\\\/\"},{\"@type\":\"ListItem\",\"position\":2,\"name\":\"HOMY\",\"item\":\"https:\\\/\\\/homyanimation.com\\\/index.php\\\/pt\\\/homy-pt\\\/\"},{\"@type\":\"ListItem\",\"position\":3,\"name\":\"Trabalhos\",\"item\":\"https:\\\/\\\/homyanimation.com\\\/index.php\\\/pt\\\/homy-pt\\\/trabalhos\\\/\"},{\"@type\":\"ListItem\",\"position\":4,\"name\":\"Pip e Poppy\"}]},{\"@type\":\"WebSite\",\"@id\":\"https:\\\/\\\/homyanimation.com\\\/#website\",\"url\":\"https:\\\/\\\/homyanimation.com\\\/\",\"name\":\"HOMY Animation\",\"description\":\"expressing motion\",\"publisher\":{\"@id\":\"https:\\\/\\\/homyanimation.com\\\/#organization\"},\"potentialAction\":[{\"@type\":\"SearchAction\",\"target\":{\"@type\":\"EntryPoint\",\"urlTemplate\":\"https:\\\/\\\/homyanimation.com\\\/?s={search_term_string}\"},\"query-input\":{\"@type\":\"PropertyValueSpecification\",\"valueRequired\":true,\"valueName\":\"search_term_string\"}}],\"inLanguage\":\"pt-PT\"},{\"@type\":\"Organization\",\"@id\":\"https:\\\/\\\/homyanimation.com\\\/#organization\",\"name\":\"Homy Animation\",\"url\":\"https:\\\/\\\/homyanimation.com\\\/\",\"logo\":{\"@type\":\"ImageObject\",\"inLanguage\":\"pt-PT\",\"@id\":\"https:\\\/\\\/homyanimation.com\\\/#\\\/schema\\\/logo\\\/image\\\/\",\"url\":\"https:\\\/\\\/i1.wp.com\\\/homyanimation.com\\\/wp-content\\\/uploads\\\/2019\\\/04\\\/Artboard-1-e1569830290964.png?fit=500%2C400&ssl=1\",\"contentUrl\":\"https:\\\/\\\/i1.wp.com\\\/homyanimation.com\\\/wp-content\\\/uploads\\\/2019\\\/04\\\/Artboard-1-e1569830290964.png?fit=500%2C400&ssl=1\",\"width\":500,\"height\":400,\"caption\":\"Homy Animation\"},\"image\":{\"@id\":\"https:\\\/\\\/homyanimation.com\\\/#\\\/schema\\\/logo\\\/image\\\/\"},\"sameAs\":[\"https:\\\/\\\/www.facebook.com\\\/pg\\\/Homy-Animation-336483537135913\",\"https:\\\/\\\/www.instagram.com\\\/homyanimation\"]}]}<\/script>\n<!-- \/ Yoast SEO plugin. -->","yoast_head_json":{"title":"Pip e Poppy &#8902; HOMY Animation","robots":{"index":"index","follow":"follow","max-snippet":"max-snippet:-1","max-image-preview":"max-image-preview:large","max-video-preview":"max-video-preview:-1"},"canonical":"https:\/\/homyanimation.com\/index.php\/pt\/homy-pt\/trabalhos\/pip-e-poppy\/","og_locale":"pt_PT","og_type":"article","og_title":"Pip e Poppy &#8902; HOMY Animation","og_description":"(clique numa imagem para escolher o epis\u00f3dio)","og_url":"https:\/\/homyanimation.com\/index.php\/pt\/homy-pt\/trabalhos\/pip-e-poppy\/","og_site_name":"HOMY Animation","article_publisher":"https:\/\/www.facebook.com\/pg\/Homy-Animation-336483537135913","article_modified_time":"2025-07-17T16:10:15+00:00","og_image":[{"url":"https:\/\/homyanimation.com\/wp-content\/uploads\/2019\/04\/HOMY-animation@0.5x-226x300.png","type":"","width":"","height":""}],"twitter_card":"summary_large_image","twitter_misc":{"Tempo estimado de leitura":"2 minutos"},"schema":{"@context":"https:\/\/schema.org","@graph":[{"@type":"WebPage","@id":"https:\/\/homyanimation.com\/index.php\/pt\/homy-pt\/trabalhos\/pip-e-poppy\/","url":"https:\/\/homyanimation.com\/index.php\/pt\/homy-pt\/trabalhos\/pip-e-poppy\/","name":"Pip e Poppy &#8902; HOMY Animation","isPartOf":{"@id":"https:\/\/homyanimation.com\/#website"},"primaryImageOfPage":{"@id":"https:\/\/homyanimation.com\/index.php\/pt\/homy-pt\/trabalhos\/pip-e-poppy\/#primaryimage"},"image":{"@id":"https:\/\/homyanimation.com\/index.php\/pt\/homy-pt\/trabalhos\/pip-e-poppy\/#primaryimage"},"thumbnailUrl":"https:\/\/homyanimation.com\/wp-content\/uploads\/2019\/04\/HOMY-animation@0.5x-226x300.png","datePublished":"2025-07-17T15:44:14+00:00","dateModified":"2025-07-17T16:10:15+00:00","breadcrumb":{"@id":"https:\/\/homyanimation.com\/index.php\/pt\/homy-pt\/trabalhos\/pip-e-poppy\/#breadcrumb"},"inLanguage":"pt-PT","potentialAction":[{"@type":"ReadAction","target":["https:\/\/homyanimation.com\/index.php\/pt\/homy-pt\/trabalhos\/pip-e-poppy\/"]}]},{"@type":"ImageObject","inLanguage":"pt-PT","@id":"https:\/\/homyanimation.com\/index.php\/pt\/homy-pt\/trabalhos\/pip-e-poppy\/#primaryimage","url":"https:\/\/homyanimation.com\/wp-content\/uploads\/2019\/04\/HOMY-animation@0.5x-226x300.png","contentUrl":"https:\/\/homyanimation.com\/wp-content\/uploads\/2019\/04\/HOMY-animation@0.5x-226x300.png"},{"@type":"BreadcrumbList","@id":"https:\/\/homyanimation.com\/index.php\/pt\/homy-pt\/trabalhos\/pip-e-poppy\/#breadcrumb","itemListElement":[{"@type":"ListItem","position":1,"name":"Home","item":"http:\/\/homyanimation.com\/"},{"@type":"ListItem","position":2,"name":"HOMY","item":"https:\/\/homyanimation.com\/index.php\/pt\/homy-pt\/"},{"@type":"ListItem","position":3,"name":"Trabalhos","item":"https:\/\/homyanimation.com\/index.php\/pt\/homy-pt\/trabalhos\/"},{"@type":"ListItem","position":4,"name":"Pip e Poppy"}]},{"@type":"WebSite","@id":"https:\/\/homyanimation.com\/#website","url":"https:\/\/homyanimation.com\/","name":"HOMY Animation","description":"expressing motion","publisher":{"@id":"https:\/\/homyanimation.com\/#organization"},"potentialAction":[{"@type":"SearchAction","target":{"@type":"EntryPoint","urlTemplate":"https:\/\/homyanimation.com\/?s={search_term_string}"},"query-input":{"@type":"PropertyValueSpecification","valueRequired":true,"valueName":"search_term_string"}}],"inLanguage":"pt-PT"},{"@type":"Organization","@id":"https:\/\/homyanimation.com\/#organization","name":"Homy Animation","url":"https:\/\/homyanimation.com\/","logo":{"@type":"ImageObject","inLanguage":"pt-PT","@id":"https:\/\/homyanimation.com\/#\/schema\/logo\/image\/","url":"https:\/\/i1.wp.com\/homyanimation.com\/wp-content\/uploads\/2019\/04\/Artboard-1-e1569830290964.png?fit=500%2C400&ssl=1","contentUrl":"https:\/\/i1.wp.com\/homyanimation.com\/wp-content\/uploads\/2019\/04\/Artboard-1-e1569830290964.png?fit=500%2C400&ssl=1","width":500,"height":400,"caption":"Homy Animation"},"image":{"@id":"https:\/\/homyanimation.com\/#\/schema\/logo\/image\/"},"sameAs":["https:\/\/www.facebook.com\/pg\/Homy-Animation-336483537135913","https:\/\/www.instagram.com\/homyanimation"]}]}},"_links":{"self":[{"href":"https:\/\/homyanimation.com\/index.php\/wp-json\/wp\/v2\/pages\/2003","targetHints":{"allow":["GET"]}}],"collection":[{"href":"https:\/\/homyanimation.com\/index.php\/wp-json\/wp\/v2\/pages"}],"about":[{"href":"https:\/\/homyanimation.com\/index.php\/wp-json\/wp\/v2\/types\/page"}],"author":[{"embeddable":true,"href":"https:\/\/homyanimation.com\/index.php\/wp-json\/wp\/v2\/users\/1"}],"replies":[{"embeddable":true,"href":"https:\/\/homyanimation.com\/index.php\/wp-json\/wp\/v2\/comments?post=2003"}],"version-history":[{"count":5,"href":"https:\/\/homyanimation.com\/index.php\/wp-json\/wp\/v2\/pages\/2003\/revisions"}],"predecessor-version":[{"id":2020,"href":"https:\/\/homyanimation.com\/index.php\/wp-json\/wp\/v2\/pages\/2003\/revisions\/2020"}],"up":[{"embeddable":true,"href":"https:\/\/homyanimation.com\/index.php\/wp-json\/wp\/v2\/pages\/987"}],"wp:attachment":[{"href":"https:\/\/homyanimation.com\/index.php\/wp-json\/wp\/v2\/media?parent=2003"}],"curies":[{"name":"wp","href":"https:\/\/api.w.org\/{rel}","templated":true}]}}