{"id":2032,"date":"2025-09-03T17:10:25","date_gmt":"2025-09-03T16:10:25","guid":{"rendered":"https:\/\/homyanimation.com\/?page_id=2032"},"modified":"2025-09-09T11:32:54","modified_gmt":"2025-09-09T10:32:54","slug":"desenho-animado","status":"publish","type":"page","link":"https:\/\/homyanimation.com\/index.php\/pt\/homy-pt\/trabalhos\/desenho-animado\/","title":{"rendered":"Desenho Animado"},"content":{"rendered":"<div id=\"pl-gb2032-69ecb8c6625d7\"  class=\"panel-layout\" ><div id=\"pg-gb2032-69ecb8c6625d7-0\"  class=\"panel-grid panel-no-style\"  style=\"margin-bottom: 30px\" ><div id=\"pgc-gb2032-69ecb8c6625d7-0-0\"  class=\"panel-grid-cell\" ><div id=\"panel-gb2032-69ecb8c6625d7-0-0-0\" class=\"so-panel widget widget_sow-headline panel-first-child\" data-index=\"0\" style=\"margin: 0% 0% 0% 0%;\" ><div style=\"padding: 0% 0% 0% 0%;\" class=\"panel-widget-style panel-widget-style-for-gb2032-69ecb8c6625d7-0-0-0\" ><div\n\t\t\t\n\t\t\tclass=\"so-widget-sow-headline so-widget-sow-headline-default-dd492d77311b-2032\"\n\t\t\t\n\t\t><div class=\"sow-headline-container \">\n\t\t\t\t\t\t\t<h2 class=\"sow-headline\">\n\t\t\t\t\t\tReel de Desenho Animado\t\t\t\t\t\t<\/h2>\n\t\t\t\t\t\t\t\t\t\t\t<div class=\"decoration\">\n\t\t\t\t\t\t<div class=\"decoration-inside\"><\/div>\n\t\t\t\t\t<\/div>\n\t\t\t\t\t\t\t\t\t\t\t<p class=\"sow-sub-headline\">\n\t\t\t\t\t\tComecei a minha carreira como animador tradicional. Durante anos, antes do aparecimento dos computadores, trabalhei com l\u00e1pis, papel, tintas e acetatos, animando todo o tipo de personagens de desenhos animados, mascotes de marcas, e grafismos para publicidade e TV, explorando diversos estilos. Mais recentemente, tenho recebido encomendas de abordagens mais &#8220;realistas&#8221;. S\u00e3o estas as apresentadas nesta montagem.\t\t\t\t\t\t<\/p>\n\t\t\t\t\t\t<\/div>\n<\/div><\/div><\/div><div id=\"panel-gb2032-69ecb8c6625d7-0-0-1\" class=\"so-panel widget widget_sow-editor\" data-index=\"1\" style=\"margin: 0% 0% 0% 0%;\" ><div style=\"padding: 0% 0% 0% 0%;\" class=\"panel-widget-style panel-widget-style-for-gb2032-69ecb8c6625d7-0-0-1\" ><div\n\t\t\t\n\t\t\tclass=\"so-widget-sow-editor so-widget-sow-editor-base\"\n\t\t\t\n\t\t>\n<div class=\"siteorigin-widget-tinymce textwidget\">\n\t<p><em>Por raz\u00f5es de copyright, \u00e9 necess\u00e1rio introduzir uma palavra de passe. Pode ser pedida atrav\u00e9s de email para <\/em><span style=\"color: #0000ff;\">homy.animation@outlook.com<\/span><em> . Obrigado!<\/em><\/p>\n<\/div>\n<\/div><\/div><\/div><div id=\"panel-gb2032-69ecb8c6625d7-0-0-2\" class=\"so-panel widget widget_block\" data-index=\"2\" style=\"margin: 0px 0px 0px 0px;\" ><div style=\"padding: 0px 0px 0px 0px;\" class=\"panel-widget-style panel-widget-style-for-gb2032-69ecb8c6625d7-0-0-2\" ><div style=\"position: relative; padding-top: 56.25%; width: 100%\"><iframe src=\"https:\/\/kinescope.io\/embed\/roJ48JdCWsUbGPHmXbme6A\" allow=\"autoplay; fullscreen; picture-in-picture; encrypted-media; gyroscope; accelerometer; clipboard-write; screen-wake-lock;\" frameborder=\"0\" allowfullscreen style=\"position: absolute; width: 100%; height: 100%; top: 0; left: 0;\"><\/iframe><\/div><\/div><\/div><div id=\"panel-gb2032-69ecb8c6625d7-0-0-3\" class=\"so-panel widget widget_sow-editor panel-last-child\" data-index=\"3\" style=\"margin: 0% 0% 0% 0%;\" ><div style=\"padding: 0% 0% 0% 0%;\" class=\"panel-widget-style panel-widget-style-for-gb2032-69ecb8c6625d7-0-0-3\" ><div\n\t\t\t\n\t\t\tclass=\"so-widget-sow-editor so-widget-sow-editor-base\"\n\t\t\t\n\t\t>\n<div class=\"siteorigin-widget-tinymce textwidget\">\n\t<p>Esta montagem de alguns trabalhos de desenho animado para filmes de autor inclui:<\/p>\n<p>&#8220;Mont Noir&#8221; (selec\u00e7\u00e3o oficial Annecy 2024)<\/p>\n<p>&#8220;Olha&#8221; (selec\u00e7\u00e3o oficial Monstra 2024)<\/p>\n<p>&#8220;Fille De L&#8217;Eau&#8221; (selec\u00e7\u00e3o oficial Cannes 2025)<\/p>\n<p>&#8220;O Teu Nome \u00c9&#8221;&nbsp; (v\u00e1rios pr\u00e9mios nacionais e internacionais)<\/p>\n<\/div>\n<\/div><\/div><\/div><\/div><\/div><div id=\"pg-gb2032-69ecb8c6625d7-1\"  class=\"panel-grid panel-no-style\"  style=\"margin-bottom: 0px\" ><div id=\"pgc-gb2032-69ecb8c6625d7-1-0\"  class=\"panel-grid-cell\" ><div id=\"panel-gb2032-69ecb8c6625d7-1-0-0\" class=\"so-panel widget widget_sow-editor panel-first-child panel-last-child\" data-index=\"4\" style=\"margin: 0px 0px 0px 0px;\" ><div style=\"padding: 0px 0px 0px 0px;\" class=\"panel-widget-style panel-widget-style-for-gb2032-69ecb8c6625d7-1-0-0\" ><div\n\t\t\t\n\t\t\tclass=\"so-widget-sow-editor so-widget-sow-editor-base\"\n\t\t\t\n\t\t>\n<div class=\"siteorigin-widget-tinymce textwidget\">\n\t<h3 style=\"text-align: center;\">Obrigado pela visualiza\u00e7\u00e3o!\ud83d\ude0e<a href=\"https:\/\/homyanimation.com\/\"><img loading=\"lazy\" decoding=\"async\" class=\"alignnone wp-image-7 aligncenter\" src=\"https:\/\/homyanimation.com\/wp-content\/uploads\/2019\/04\/HOMY-animation@0.5x-226x300.png\" alt=\"\" width=\"88\" height=\"117\"\/><\/a><\/h3>\n<\/div>\n<\/div><\/div><\/div><\/div><\/div><div id=\"pg-gb2032-69ecb8c6625d7-2\"  class=\"panel-grid panel-has-style\"  style=\"margin-bottom: 0px\" ><div class=\"siteorigin-panels-stretch panel-row-style panel-row-style-for-gb2032-69ecb8c6625d7-2\" style=\"padding: 0px 0px 0px 0px;\" data-stretch-type=\"full\" ><div id=\"pgc-gb2032-69ecb8c6625d7-2-0\"  class=\"panel-grid-cell\" ><div id=\"panel-gb2032-69ecb8c6625d7-2-0-0\" class=\"so-panel widget widget_sow-button panel-first-child panel-last-child\" data-index=\"5\" style=\"margin: 0px 0px 0px 0px;\" ><div style=\"padding: 0% 15% 0% 15%;\" class=\"panel-widget-style panel-widget-style-for-gb2032-69ecb8c6625d7-2-0-0\" ><div\n\t\t\t\n\t\t\tclass=\"so-widget-sow-button so-widget-sow-button-flat-e4fce57fd683-2032\"\n\t\t\t\n\t\t><div class=\"ow-button-base ow-button-align-center\"\n>\n\t\t\t<a\n\t\t\t\t\thref=\"https:\/\/homyanimation.com\/index.php\/pt\/homy-pt\/trabalhos\/arte_no_colombo\/\"\n\t\t\t\t\tclass=\"sowb-button ow-icon-placement-left ow-button-hover\" \t>\n\t\t<span>\n\t\t\t<span class=\"sow-icon-fontawesome sow-far\" data-sow-icon=\"&#xf0a5;\"\n\t\tstyle=\"\" \n\t\taria-hidden=\"true\"><\/span>\n\t\t\t&lt; anterior\t\t<\/span>\n\t\t\t<\/a>\n\t<\/div>\n<\/div><\/div><\/div><\/div><div id=\"pgc-gb2032-69ecb8c6625d7-2-1\"  class=\"panel-grid-cell\" ><div id=\"panel-gb2032-69ecb8c6625d7-2-1-0\" class=\"so-panel widget widget_sow-button panel-first-child panel-last-child\" data-index=\"6\" style=\"margin: 0px 0px 0px 0px;\" ><div style=\"padding: 0% 15% 0% 15%;\" class=\"panel-widget-style panel-widget-style-for-gb2032-69ecb8c6625d7-2-1-0\" ><div\n\t\t\t\n\t\t\tclass=\"so-widget-sow-button so-widget-sow-button-flat-f4baa690c82b-2032\"\n\t\t\t\n\t\t><div class=\"ow-button-base ow-button-align-center\"\n>\n\t\t\t<a\n\t\t\t\t\thref=\"https:\/\/homyanimation.com\/index.php\/pt\/homy-pt\/trabalhos\/\"\n\t\t\t\t\tclass=\"sowb-button ow-icon-placement-right ow-button-hover\" \t>\n\t\t<span>\n\t\t\t\n\t\t\ttrabalhos\t\t<\/span>\n\t\t\t<\/a>\n\t<\/div>\n<\/div><\/div><\/div><\/div><div id=\"pgc-gb2032-69ecb8c6625d7-2-2\"  class=\"panel-grid-cell\" ><div id=\"panel-gb2032-69ecb8c6625d7-2-2-0\" class=\"so-panel widget widget_sow-button panel-first-child panel-last-child\" data-index=\"7\" style=\"margin: 0px 0px 0px 0px;\" ><div style=\"padding: 0% 15% 0% 15%;\" class=\"panel-widget-style panel-widget-style-for-gb2032-69ecb8c6625d7-2-2-0\" ><div\n\t\t\t\n\t\t\tclass=\"so-widget-sow-button so-widget-sow-button-flat-e4fce57fd683-2032\"\n\t\t\t\n\t\t><div class=\"ow-button-base ow-button-align-center\"\n>\n\t\t\t<a\n\t\t\t\t\thref=\"https:\/\/homyanimation.com\/index.php\/pt\/homy-pt\/trabalhos\/babyberry\/\"\n\t\t\t\t\tclass=\"sowb-button ow-icon-placement-right ow-button-hover\" \t>\n\t\t<span>\n\t\t\t<span class=\"sow-icon-fontawesome sow-far\" data-sow-icon=\"&#xf0a4;\"\n\t\tstyle=\"\" \n\t\taria-hidden=\"true\"><\/span>\n\t\t\tseguinte &gt;\t\t<\/span>\n\t\t\t<\/a>\n\t<\/div>\n<\/div><\/div><\/div><\/div><\/div><\/div><\/div>","protected":false},"excerpt":{"rendered":"<p>Por raz\u00f5es de copyright, \u00e9 necess\u00e1rio introduzir uma palavra de passe. Pode ser pedida atrav\u00e9s de email para homy.animation@outlook.com . Obrigado! Esta montagem de alguns trabalhos de desenho animado para filmes de autor inclui: &#8220;Mont Noir&#8221; (selec\u00e7\u00e3o oficial Annecy 2024) &#8220;Olha&#8221; (selec\u00e7\u00e3o oficial Monstra 2024) &#8220;Fille De L&#8217;Eau&#8221; (selec\u00e7\u00e3o oficial Cannes 2025) &#8220;O Teu Nome &hellip; <\/p>\n<p class=\"link-more\"><a href=\"https:\/\/homyanimation.com\/index.php\/pt\/homy-pt\/trabalhos\/desenho-animado\/\" class=\"more-link\">Continuar a ler <span class=\"screen-reader-text\">&#8220;Desenho Animado&#8221;<\/span><\/a><\/p>\n","protected":false},"author":1,"featured_media":0,"parent":987,"menu_order":0,"comment_status":"closed","ping_status":"closed","template":"","meta":{"inline_featured_image":false,"ngg_post_thumbnail":0,"footnotes":""},"class_list":["post-2032","page","type-page","status-publish","hentry"],"yoast_head":"<!-- This site is optimized with the Yoast SEO plugin v27.4 - https:\/\/yoast.com\/product\/yoast-seo-wordpress\/ -->\n<title>Desenho Animado &#8902; HOMY Animation<\/title>\n<meta name=\"robots\" content=\"index, follow, max-snippet:-1, max-image-preview:large, max-video-preview:-1\" \/>\n<link rel=\"canonical\" href=\"https:\/\/homyanimation.com\/index.php\/pt\/homy-pt\/trabalhos\/desenho-animado\/\" \/>\n<meta property=\"og:locale\" content=\"pt_PT\" \/>\n<meta property=\"og:type\" content=\"article\" \/>\n<meta property=\"og:title\" content=\"Desenho Animado &#8902; HOMY Animation\" \/>\n<meta property=\"og:description\" content=\"Por raz\u00f5es de copyright, \u00e9 necess\u00e1rio introduzir uma palavra de passe. Pode ser pedida atrav\u00e9s de email para homy.animation@outlook.com . Obrigado! Esta montagem de alguns trabalhos de desenho animado para filmes de autor inclui: &quot;Mont Noir&quot; (selec\u00e7\u00e3o oficial Annecy 2024) &quot;Olha&quot; (selec\u00e7\u00e3o oficial Monstra 2024) &quot;Fille De L&#039;Eau&quot; (selec\u00e7\u00e3o oficial Cannes 2025) &quot;O Teu Nome &hellip; Continuar a ler &quot;Desenho Animado&quot;\" \/>\n<meta property=\"og:url\" content=\"https:\/\/homyanimation.com\/index.php\/pt\/homy-pt\/trabalhos\/desenho-animado\/\" \/>\n<meta property=\"og:site_name\" content=\"HOMY Animation\" \/>\n<meta property=\"article:publisher\" content=\"https:\/\/www.facebook.com\/pg\/Homy-Animation-336483537135913\" \/>\n<meta property=\"article:modified_time\" content=\"2025-09-09T10:32:54+00:00\" \/>\n<meta name=\"twitter:card\" content=\"summary_large_image\" \/>\n<meta name=\"twitter:label1\" content=\"Tempo estimado de leitura\" \/>\n\t<meta name=\"twitter:data1\" content=\"1 minuto\" \/>\n<script type=\"application\/ld+json\" class=\"yoast-schema-graph\">{\"@context\":\"https:\\\/\\\/schema.org\",\"@graph\":[{\"@type\":\"WebPage\",\"@id\":\"https:\\\/\\\/homyanimation.com\\\/index.php\\\/pt\\\/homy-pt\\\/trabalhos\\\/desenho-animado\\\/\",\"url\":\"https:\\\/\\\/homyanimation.com\\\/index.php\\\/pt\\\/homy-pt\\\/trabalhos\\\/desenho-animado\\\/\",\"name\":\"Desenho Animado &#8902; HOMY Animation\",\"isPartOf\":{\"@id\":\"https:\\\/\\\/homyanimation.com\\\/#website\"},\"datePublished\":\"2025-09-03T16:10:25+00:00\",\"dateModified\":\"2025-09-09T10:32:54+00:00\",\"breadcrumb\":{\"@id\":\"https:\\\/\\\/homyanimation.com\\\/index.php\\\/pt\\\/homy-pt\\\/trabalhos\\\/desenho-animado\\\/#breadcrumb\"},\"inLanguage\":\"pt-PT\",\"potentialAction\":[{\"@type\":\"ReadAction\",\"target\":[\"https:\\\/\\\/homyanimation.com\\\/index.php\\\/pt\\\/homy-pt\\\/trabalhos\\\/desenho-animado\\\/\"]}]},{\"@type\":\"BreadcrumbList\",\"@id\":\"https:\\\/\\\/homyanimation.com\\\/index.php\\\/pt\\\/homy-pt\\\/trabalhos\\\/desenho-animado\\\/#breadcrumb\",\"itemListElement\":[{\"@type\":\"ListItem\",\"position\":1,\"name\":\"Home\",\"item\":\"http:\\\/\\\/homyanimation.com\\\/\"},{\"@type\":\"ListItem\",\"position\":2,\"name\":\"HOMY\",\"item\":\"https:\\\/\\\/homyanimation.com\\\/index.php\\\/pt\\\/homy-pt\\\/\"},{\"@type\":\"ListItem\",\"position\":3,\"name\":\"Trabalhos\",\"item\":\"https:\\\/\\\/homyanimation.com\\\/index.php\\\/pt\\\/homy-pt\\\/trabalhos\\\/\"},{\"@type\":\"ListItem\",\"position\":4,\"name\":\"Desenho Animado\"}]},{\"@type\":\"WebSite\",\"@id\":\"https:\\\/\\\/homyanimation.com\\\/#website\",\"url\":\"https:\\\/\\\/homyanimation.com\\\/\",\"name\":\"HOMY Animation\",\"description\":\"expressing motion\",\"publisher\":{\"@id\":\"https:\\\/\\\/homyanimation.com\\\/#organization\"},\"potentialAction\":[{\"@type\":\"SearchAction\",\"target\":{\"@type\":\"EntryPoint\",\"urlTemplate\":\"https:\\\/\\\/homyanimation.com\\\/?s={search_term_string}\"},\"query-input\":{\"@type\":\"PropertyValueSpecification\",\"valueRequired\":true,\"valueName\":\"search_term_string\"}}],\"inLanguage\":\"pt-PT\"},{\"@type\":\"Organization\",\"@id\":\"https:\\\/\\\/homyanimation.com\\\/#organization\",\"name\":\"Homy Animation\",\"url\":\"https:\\\/\\\/homyanimation.com\\\/\",\"logo\":{\"@type\":\"ImageObject\",\"inLanguage\":\"pt-PT\",\"@id\":\"https:\\\/\\\/homyanimation.com\\\/#\\\/schema\\\/logo\\\/image\\\/\",\"url\":\"https:\\\/\\\/i1.wp.com\\\/homyanimation.com\\\/wp-content\\\/uploads\\\/2019\\\/04\\\/Artboard-1-e1569830290964.png?fit=500%2C400&ssl=1\",\"contentUrl\":\"https:\\\/\\\/i1.wp.com\\\/homyanimation.com\\\/wp-content\\\/uploads\\\/2019\\\/04\\\/Artboard-1-e1569830290964.png?fit=500%2C400&ssl=1\",\"width\":500,\"height\":400,\"caption\":\"Homy Animation\"},\"image\":{\"@id\":\"https:\\\/\\\/homyanimation.com\\\/#\\\/schema\\\/logo\\\/image\\\/\"},\"sameAs\":[\"https:\\\/\\\/www.facebook.com\\\/pg\\\/Homy-Animation-336483537135913\",\"https:\\\/\\\/www.instagram.com\\\/homyanimation\"]}]}<\/script>\n<!-- \/ Yoast SEO plugin. -->","yoast_head_json":{"title":"Desenho Animado &#8902; HOMY Animation","robots":{"index":"index","follow":"follow","max-snippet":"max-snippet:-1","max-image-preview":"max-image-preview:large","max-video-preview":"max-video-preview:-1"},"canonical":"https:\/\/homyanimation.com\/index.php\/pt\/homy-pt\/trabalhos\/desenho-animado\/","og_locale":"pt_PT","og_type":"article","og_title":"Desenho Animado &#8902; HOMY Animation","og_description":"Por raz\u00f5es de copyright, \u00e9 necess\u00e1rio introduzir uma palavra de passe. Pode ser pedida atrav\u00e9s de email para homy.animation@outlook.com . Obrigado! Esta montagem de alguns trabalhos de desenho animado para filmes de autor inclui: \"Mont Noir\" (selec\u00e7\u00e3o oficial Annecy 2024) \"Olha\" (selec\u00e7\u00e3o oficial Monstra 2024) \"Fille De L'Eau\" (selec\u00e7\u00e3o oficial Cannes 2025) \"O Teu Nome &hellip; Continuar a ler \"Desenho Animado\"","og_url":"https:\/\/homyanimation.com\/index.php\/pt\/homy-pt\/trabalhos\/desenho-animado\/","og_site_name":"HOMY Animation","article_publisher":"https:\/\/www.facebook.com\/pg\/Homy-Animation-336483537135913","article_modified_time":"2025-09-09T10:32:54+00:00","twitter_card":"summary_large_image","twitter_misc":{"Tempo estimado de leitura":"1 minuto"},"schema":{"@context":"https:\/\/schema.org","@graph":[{"@type":"WebPage","@id":"https:\/\/homyanimation.com\/index.php\/pt\/homy-pt\/trabalhos\/desenho-animado\/","url":"https:\/\/homyanimation.com\/index.php\/pt\/homy-pt\/trabalhos\/desenho-animado\/","name":"Desenho Animado &#8902; HOMY Animation","isPartOf":{"@id":"https:\/\/homyanimation.com\/#website"},"datePublished":"2025-09-03T16:10:25+00:00","dateModified":"2025-09-09T10:32:54+00:00","breadcrumb":{"@id":"https:\/\/homyanimation.com\/index.php\/pt\/homy-pt\/trabalhos\/desenho-animado\/#breadcrumb"},"inLanguage":"pt-PT","potentialAction":[{"@type":"ReadAction","target":["https:\/\/homyanimation.com\/index.php\/pt\/homy-pt\/trabalhos\/desenho-animado\/"]}]},{"@type":"BreadcrumbList","@id":"https:\/\/homyanimation.com\/index.php\/pt\/homy-pt\/trabalhos\/desenho-animado\/#breadcrumb","itemListElement":[{"@type":"ListItem","position":1,"name":"Home","item":"http:\/\/homyanimation.com\/"},{"@type":"ListItem","position":2,"name":"HOMY","item":"https:\/\/homyanimation.com\/index.php\/pt\/homy-pt\/"},{"@type":"ListItem","position":3,"name":"Trabalhos","item":"https:\/\/homyanimation.com\/index.php\/pt\/homy-pt\/trabalhos\/"},{"@type":"ListItem","position":4,"name":"Desenho Animado"}]},{"@type":"WebSite","@id":"https:\/\/homyanimation.com\/#website","url":"https:\/\/homyanimation.com\/","name":"HOMY Animation","description":"expressing motion","publisher":{"@id":"https:\/\/homyanimation.com\/#organization"},"potentialAction":[{"@type":"SearchAction","target":{"@type":"EntryPoint","urlTemplate":"https:\/\/homyanimation.com\/?s={search_term_string}"},"query-input":{"@type":"PropertyValueSpecification","valueRequired":true,"valueName":"search_term_string"}}],"inLanguage":"pt-PT"},{"@type":"Organization","@id":"https:\/\/homyanimation.com\/#organization","name":"Homy Animation","url":"https:\/\/homyanimation.com\/","logo":{"@type":"ImageObject","inLanguage":"pt-PT","@id":"https:\/\/homyanimation.com\/#\/schema\/logo\/image\/","url":"https:\/\/i1.wp.com\/homyanimation.com\/wp-content\/uploads\/2019\/04\/Artboard-1-e1569830290964.png?fit=500%2C400&ssl=1","contentUrl":"https:\/\/i1.wp.com\/homyanimation.com\/wp-content\/uploads\/2019\/04\/Artboard-1-e1569830290964.png?fit=500%2C400&ssl=1","width":500,"height":400,"caption":"Homy Animation"},"image":{"@id":"https:\/\/homyanimation.com\/#\/schema\/logo\/image\/"},"sameAs":["https:\/\/www.facebook.com\/pg\/Homy-Animation-336483537135913","https:\/\/www.instagram.com\/homyanimation"]}]}},"_links":{"self":[{"href":"https:\/\/homyanimation.com\/index.php\/wp-json\/wp\/v2\/pages\/2032","targetHints":{"allow":["GET"]}}],"collection":[{"href":"https:\/\/homyanimation.com\/index.php\/wp-json\/wp\/v2\/pages"}],"about":[{"href":"https:\/\/homyanimation.com\/index.php\/wp-json\/wp\/v2\/types\/page"}],"author":[{"embeddable":true,"href":"https:\/\/homyanimation.com\/index.php\/wp-json\/wp\/v2\/users\/1"}],"replies":[{"embeddable":true,"href":"https:\/\/homyanimation.com\/index.php\/wp-json\/wp\/v2\/comments?post=2032"}],"version-history":[{"count":7,"href":"https:\/\/homyanimation.com\/index.php\/wp-json\/wp\/v2\/pages\/2032\/revisions"}],"predecessor-version":[{"id":2076,"href":"https:\/\/homyanimation.com\/index.php\/wp-json\/wp\/v2\/pages\/2032\/revisions\/2076"}],"up":[{"embeddable":true,"href":"https:\/\/homyanimation.com\/index.php\/wp-json\/wp\/v2\/pages\/987"}],"wp:attachment":[{"href":"https:\/\/homyanimation.com\/index.php\/wp-json\/wp\/v2\/media?parent=2032"}],"curies":[{"name":"wp","href":"https:\/\/api.w.org\/{rel}","templated":true}]}}