{"id":954,"date":"2019-11-03T12:14:50","date_gmt":"2019-11-03T12:14:50","guid":{"rendered":"https:\/\/homyanimation.com\/?page_id=954"},"modified":"2020-12-30T10:30:43","modified_gmt":"2020-12-30T10:30:43","slug":"info","status":"publish","type":"page","link":"https:\/\/homyanimation.com\/index.php\/pt\/homy-pt\/info\/","title":{"rendered":"Info"},"content":{"rendered":"<div id=\"pl-954\"  class=\"panel-layout\" ><div id=\"pg-954-0\"  class=\"panel-grid panel-no-style\"  style=\"margin-bottom: 30px\" ><div id=\"pgc-954-0-0\"  class=\"panel-grid-cell\" ><div id=\"panel-954-0-0-0\" class=\"so-panel widget widget_sow-image panel-first-child\" data-index=\"0\" style=\"margin: 0% 20% 0% 20%;\" ><div style=\"padding: 0% 0% 0% 0%;\" class=\"panel-widget-style panel-widget-style-for-954-0-0-0\" ><div\n\t\t\t\n\t\t\tclass=\"so-widget-sow-image so-widget-sow-image-default-8b5b6f678277-954\"\n\t\t\t\n\t\t>\n<div class=\"sow-image-container\">\n\t\t<img \n\tsrc=\"https:\/\/homyanimation.com\/wp-content\/uploads\/2019\/09\/Homy-Animation-horizontal0-e1568882940891.png\" width=\"1195\" height=\"375\" srcset=\"https:\/\/homyanimation.com\/wp-content\/uploads\/2019\/09\/Homy-Animation-horizontal0-e1568882940891.png 1195w, https:\/\/homyanimation.com\/wp-content\/uploads\/2019\/09\/Homy-Animation-horizontal0-e1568882940891-300x94.png 300w, https:\/\/homyanimation.com\/wp-content\/uploads\/2019\/09\/Homy-Animation-horizontal0-e1568882940891-768x241.png 768w, https:\/\/homyanimation.com\/wp-content\/uploads\/2019\/09\/Homy-Animation-horizontal0-e1568882940891-1024x321.png 1024w\" sizes=\"(max-width: 767px) 89vw, (max-width: 1000px) 54vw, (max-width: 1071px) 543px, 580px\" title=\"Homy Animation &#8211; horizontal0\" alt=\"\" \t\tclass=\"so-widget-image\"\/>\n\t<\/div>\n\n<\/div><\/div><\/div><div id=\"panel-954-0-0-1\" class=\"so-panel widget widget_sow-editor panel-last-child\" data-index=\"1\" style=\"margin: 0px 0px 0px 0px;\" ><div class=\"panel-widget-style panel-widget-style-for-954-0-0-1\" ><div\n\t\t\t\n\t\t\tclass=\"so-widget-sow-editor so-widget-sow-editor-base\"\n\t\t\t\n\t\t>\n<div class=\"siteorigin-widget-tinymce textwidget\">\n\t<p>Homy Animation \u00e9 uma pequena produtora fundada em 2018 por <a href=\"https:\/\/homyanimation.com\/index.php\/pt\/homy-pt\/manel-sacadura\/\">Manel Sacadura<\/a>, experiente animador, realizador e produtor.<\/p>\n<p>Com uma s\u00f3lida forma\u00e7\u00e3o em publicidade - incluindo 22 anos como s\u00f3cio de uma bem sucedida produtora que fundou -, Manel decidiu lan\u00e7ar um projeto independente. A Homy Animation nasceu assim em 2018, oferecendo aos clientes um amplo conjunto de servi\u00e7os criativos, de realiza\u00e7\u00e3o e produ\u00e7\u00e3o de filmes, anima\u00e7\u00e3o 2D, 3D, stop-motion e p\u00f3s-produ\u00e7\u00e3o.<\/p>\n<p>Desde o in\u00edcio a Homy Animation tem produzido consistemente pe\u00e7as publicit\u00e1rias e de comunica\u00e7\u00e3o institucional, e ocasionalmente presta servi\u00e7os de realiza\u00e7\u00e3o, anima\u00e7\u00e3o e p\u00f3s-produ\u00e7\u00e3o em colabora\u00e7\u00f5es externas.<\/p>\n<\/div>\n<\/div><\/div><\/div><\/div><\/div><div id=\"pg-954-1\"  class=\"panel-grid panel-no-style\" ><div id=\"pgc-954-1-0\"  class=\"panel-grid-cell\" ><div id=\"panel-954-1-0-0\" class=\"so-panel widget widget_sow-editor panel-first-child panel-last-child\" data-index=\"2\" style=\"margin: 0px 0px 0px 0px;\" ><div style=\"padding: 0px 0px 0px 0px;\" class=\"panel-widget-style panel-widget-style-for-954-1-0-0\" ><div\n\t\t\t\n\t\t\tclass=\"so-widget-sow-editor so-widget-sow-editor-base\"\n\t\t\t\n\t\t>\n<div class=\"siteorigin-widget-tinymce textwidget\">\n\t<h3 style=\"text-align: center;\">Obrigado pela aten\u00e7\u00e3o!\u00a0 \ud83d\ude03<\/h3>\n<p><a href=\"https:\/\/homyanimation.com\/index.php\/pt\/homy-pt\/\"><img loading=\"lazy\" decoding=\"async\" class=\"alignnone wp-image-7 aligncenter\" src=\"https:\/\/homyanimation.com\/wp-content\/uploads\/2019\/04\/HOMY-animation@0.5x-226x300.png\" alt=\"\" width=\"88\" height=\"117\" \/><\/a><\/p>\n<\/div>\n<\/div><\/div><\/div><\/div><\/div><\/div>","protected":false},"excerpt":{"rendered":"<p>Homy Animation \u00e9 uma pequena produtora fundada em 2018 por Manel Sacadura, experiente animador, realizador e produtor. Com uma s\u00f3lida forma\u00e7\u00e3o em publicidade &#8211; incluindo 22 anos como s\u00f3cio de uma bem sucedida produtora que fundou -, Manel decidiu lan\u00e7ar um projeto independente. A Homy Animation nasceu assim em 2018, oferecendo aos clientes um amplo &hellip; <\/p>\n<p class=\"link-more\"><a href=\"https:\/\/homyanimation.com\/index.php\/pt\/homy-pt\/info\/\" class=\"more-link\">Continuar a ler <span class=\"screen-reader-text\">&#8220;Info&#8221;<\/span><\/a><\/p>\n","protected":false},"author":1,"featured_media":0,"parent":936,"menu_order":0,"comment_status":"closed","ping_status":"closed","template":"","meta":{"inline_featured_image":false,"ngg_post_thumbnail":0,"footnotes":""},"class_list":["post-954","page","type-page","status-publish","hentry"],"yoast_head":"<!-- This site is optimized with the Yoast SEO plugin v27.4 - https:\/\/yoast.com\/product\/yoast-seo-wordpress\/ -->\n<title>Info &#8902; HOMY Animation<\/title>\n<meta name=\"robots\" content=\"index, follow, max-snippet:-1, max-image-preview:large, max-video-preview:-1\" \/>\n<link rel=\"canonical\" href=\"https:\/\/homyanimation.com\/index.php\/pt\/homy-pt\/info\/\" \/>\n<meta property=\"og:locale\" content=\"pt_PT\" \/>\n<meta property=\"og:type\" content=\"article\" \/>\n<meta property=\"og:title\" content=\"Info &#8902; HOMY Animation\" \/>\n<meta property=\"og:description\" content=\"Homy Animation \u00e9 uma pequena produtora fundada em 2018 por Manel Sacadura, experiente animador, realizador e produtor. Com uma s\u00f3lida forma\u00e7\u00e3o em publicidade - incluindo 22 anos como s\u00f3cio de uma bem sucedida produtora que fundou -, Manel decidiu lan\u00e7ar um projeto independente. A Homy Animation nasceu assim em 2018, oferecendo aos clientes um amplo &hellip; Continuar a ler &quot;Info&quot;\" \/>\n<meta property=\"og:url\" content=\"https:\/\/homyanimation.com\/index.php\/pt\/homy-pt\/info\/\" \/>\n<meta property=\"og:site_name\" content=\"HOMY Animation\" \/>\n<meta property=\"article:publisher\" content=\"https:\/\/www.facebook.com\/pg\/Homy-Animation-336483537135913\" \/>\n<meta property=\"article:modified_time\" content=\"2020-12-30T10:30:43+00:00\" \/>\n<meta property=\"og:image\" content=\"https:\/\/homyanimation.com\/wp-content\/uploads\/2019\/04\/HOMY-animation@0.5x-226x300.png\" \/>\n<meta name=\"twitter:card\" content=\"summary_large_image\" \/>\n<meta name=\"twitter:label1\" content=\"Tempo estimado de leitura\" \/>\n\t<meta name=\"twitter:data1\" content=\"1 minuto\" \/>\n<script type=\"application\/ld+json\" class=\"yoast-schema-graph\">{\"@context\":\"https:\\\/\\\/schema.org\",\"@graph\":[{\"@type\":\"WebPage\",\"@id\":\"https:\\\/\\\/homyanimation.com\\\/index.php\\\/pt\\\/homy-pt\\\/info\\\/\",\"url\":\"https:\\\/\\\/homyanimation.com\\\/index.php\\\/pt\\\/homy-pt\\\/info\\\/\",\"name\":\"Info &#8902; HOMY Animation\",\"isPartOf\":{\"@id\":\"https:\\\/\\\/homyanimation.com\\\/#website\"},\"primaryImageOfPage\":{\"@id\":\"https:\\\/\\\/homyanimation.com\\\/index.php\\\/pt\\\/homy-pt\\\/info\\\/#primaryimage\"},\"image\":{\"@id\":\"https:\\\/\\\/homyanimation.com\\\/index.php\\\/pt\\\/homy-pt\\\/info\\\/#primaryimage\"},\"thumbnailUrl\":\"https:\\\/\\\/homyanimation.com\\\/wp-content\\\/uploads\\\/2019\\\/04\\\/HOMY-animation@0.5x-226x300.png\",\"datePublished\":\"2019-11-03T12:14:50+00:00\",\"dateModified\":\"2020-12-30T10:30:43+00:00\",\"breadcrumb\":{\"@id\":\"https:\\\/\\\/homyanimation.com\\\/index.php\\\/pt\\\/homy-pt\\\/info\\\/#breadcrumb\"},\"inLanguage\":\"pt-PT\",\"potentialAction\":[{\"@type\":\"ReadAction\",\"target\":[\"https:\\\/\\\/homyanimation.com\\\/index.php\\\/pt\\\/homy-pt\\\/info\\\/\"]}]},{\"@type\":\"ImageObject\",\"inLanguage\":\"pt-PT\",\"@id\":\"https:\\\/\\\/homyanimation.com\\\/index.php\\\/pt\\\/homy-pt\\\/info\\\/#primaryimage\",\"url\":\"https:\\\/\\\/homyanimation.com\\\/wp-content\\\/uploads\\\/2019\\\/04\\\/HOMY-animation@0.5x-226x300.png\",\"contentUrl\":\"https:\\\/\\\/homyanimation.com\\\/wp-content\\\/uploads\\\/2019\\\/04\\\/HOMY-animation@0.5x-226x300.png\"},{\"@type\":\"BreadcrumbList\",\"@id\":\"https:\\\/\\\/homyanimation.com\\\/index.php\\\/pt\\\/homy-pt\\\/info\\\/#breadcrumb\",\"itemListElement\":[{\"@type\":\"ListItem\",\"position\":1,\"name\":\"Home\",\"item\":\"http:\\\/\\\/homyanimation.com\\\/\"},{\"@type\":\"ListItem\",\"position\":2,\"name\":\"HOMY\",\"item\":\"https:\\\/\\\/homyanimation.com\\\/index.php\\\/pt\\\/homy-pt\\\/\"},{\"@type\":\"ListItem\",\"position\":3,\"name\":\"Info\"}]},{\"@type\":\"WebSite\",\"@id\":\"https:\\\/\\\/homyanimation.com\\\/#website\",\"url\":\"https:\\\/\\\/homyanimation.com\\\/\",\"name\":\"HOMY Animation\",\"description\":\"expressing motion\",\"publisher\":{\"@id\":\"https:\\\/\\\/homyanimation.com\\\/#organization\"},\"potentialAction\":[{\"@type\":\"SearchAction\",\"target\":{\"@type\":\"EntryPoint\",\"urlTemplate\":\"https:\\\/\\\/homyanimation.com\\\/?s={search_term_string}\"},\"query-input\":{\"@type\":\"PropertyValueSpecification\",\"valueRequired\":true,\"valueName\":\"search_term_string\"}}],\"inLanguage\":\"pt-PT\"},{\"@type\":\"Organization\",\"@id\":\"https:\\\/\\\/homyanimation.com\\\/#organization\",\"name\":\"Homy Animation\",\"url\":\"https:\\\/\\\/homyanimation.com\\\/\",\"logo\":{\"@type\":\"ImageObject\",\"inLanguage\":\"pt-PT\",\"@id\":\"https:\\\/\\\/homyanimation.com\\\/#\\\/schema\\\/logo\\\/image\\\/\",\"url\":\"https:\\\/\\\/i1.wp.com\\\/homyanimation.com\\\/wp-content\\\/uploads\\\/2019\\\/04\\\/Artboard-1-e1569830290964.png?fit=500%2C400&ssl=1\",\"contentUrl\":\"https:\\\/\\\/i1.wp.com\\\/homyanimation.com\\\/wp-content\\\/uploads\\\/2019\\\/04\\\/Artboard-1-e1569830290964.png?fit=500%2C400&ssl=1\",\"width\":500,\"height\":400,\"caption\":\"Homy Animation\"},\"image\":{\"@id\":\"https:\\\/\\\/homyanimation.com\\\/#\\\/schema\\\/logo\\\/image\\\/\"},\"sameAs\":[\"https:\\\/\\\/www.facebook.com\\\/pg\\\/Homy-Animation-336483537135913\",\"https:\\\/\\\/www.instagram.com\\\/homyanimation\"]}]}<\/script>\n<!-- \/ Yoast SEO plugin. -->","yoast_head_json":{"title":"Info &#8902; HOMY Animation","robots":{"index":"index","follow":"follow","max-snippet":"max-snippet:-1","max-image-preview":"max-image-preview:large","max-video-preview":"max-video-preview:-1"},"canonical":"https:\/\/homyanimation.com\/index.php\/pt\/homy-pt\/info\/","og_locale":"pt_PT","og_type":"article","og_title":"Info &#8902; HOMY Animation","og_description":"Homy Animation \u00e9 uma pequena produtora fundada em 2018 por Manel Sacadura, experiente animador, realizador e produtor. Com uma s\u00f3lida forma\u00e7\u00e3o em publicidade - incluindo 22 anos como s\u00f3cio de uma bem sucedida produtora que fundou -, Manel decidiu lan\u00e7ar um projeto independente. A Homy Animation nasceu assim em 2018, oferecendo aos clientes um amplo &hellip; Continuar a ler \"Info\"","og_url":"https:\/\/homyanimation.com\/index.php\/pt\/homy-pt\/info\/","og_site_name":"HOMY Animation","article_publisher":"https:\/\/www.facebook.com\/pg\/Homy-Animation-336483537135913","article_modified_time":"2020-12-30T10:30:43+00:00","og_image":[{"url":"https:\/\/homyanimation.com\/wp-content\/uploads\/2019\/04\/HOMY-animation@0.5x-226x300.png","type":"","width":"","height":""}],"twitter_card":"summary_large_image","twitter_misc":{"Tempo estimado de leitura":"1 minuto"},"schema":{"@context":"https:\/\/schema.org","@graph":[{"@type":"WebPage","@id":"https:\/\/homyanimation.com\/index.php\/pt\/homy-pt\/info\/","url":"https:\/\/homyanimation.com\/index.php\/pt\/homy-pt\/info\/","name":"Info &#8902; HOMY Animation","isPartOf":{"@id":"https:\/\/homyanimation.com\/#website"},"primaryImageOfPage":{"@id":"https:\/\/homyanimation.com\/index.php\/pt\/homy-pt\/info\/#primaryimage"},"image":{"@id":"https:\/\/homyanimation.com\/index.php\/pt\/homy-pt\/info\/#primaryimage"},"thumbnailUrl":"https:\/\/homyanimation.com\/wp-content\/uploads\/2019\/04\/HOMY-animation@0.5x-226x300.png","datePublished":"2019-11-03T12:14:50+00:00","dateModified":"2020-12-30T10:30:43+00:00","breadcrumb":{"@id":"https:\/\/homyanimation.com\/index.php\/pt\/homy-pt\/info\/#breadcrumb"},"inLanguage":"pt-PT","potentialAction":[{"@type":"ReadAction","target":["https:\/\/homyanimation.com\/index.php\/pt\/homy-pt\/info\/"]}]},{"@type":"ImageObject","inLanguage":"pt-PT","@id":"https:\/\/homyanimation.com\/index.php\/pt\/homy-pt\/info\/#primaryimage","url":"https:\/\/homyanimation.com\/wp-content\/uploads\/2019\/04\/HOMY-animation@0.5x-226x300.png","contentUrl":"https:\/\/homyanimation.com\/wp-content\/uploads\/2019\/04\/HOMY-animation@0.5x-226x300.png"},{"@type":"BreadcrumbList","@id":"https:\/\/homyanimation.com\/index.php\/pt\/homy-pt\/info\/#breadcrumb","itemListElement":[{"@type":"ListItem","position":1,"name":"Home","item":"http:\/\/homyanimation.com\/"},{"@type":"ListItem","position":2,"name":"HOMY","item":"https:\/\/homyanimation.com\/index.php\/pt\/homy-pt\/"},{"@type":"ListItem","position":3,"name":"Info"}]},{"@type":"WebSite","@id":"https:\/\/homyanimation.com\/#website","url":"https:\/\/homyanimation.com\/","name":"HOMY Animation","description":"expressing motion","publisher":{"@id":"https:\/\/homyanimation.com\/#organization"},"potentialAction":[{"@type":"SearchAction","target":{"@type":"EntryPoint","urlTemplate":"https:\/\/homyanimation.com\/?s={search_term_string}"},"query-input":{"@type":"PropertyValueSpecification","valueRequired":true,"valueName":"search_term_string"}}],"inLanguage":"pt-PT"},{"@type":"Organization","@id":"https:\/\/homyanimation.com\/#organization","name":"Homy Animation","url":"https:\/\/homyanimation.com\/","logo":{"@type":"ImageObject","inLanguage":"pt-PT","@id":"https:\/\/homyanimation.com\/#\/schema\/logo\/image\/","url":"https:\/\/i1.wp.com\/homyanimation.com\/wp-content\/uploads\/2019\/04\/Artboard-1-e1569830290964.png?fit=500%2C400&ssl=1","contentUrl":"https:\/\/i1.wp.com\/homyanimation.com\/wp-content\/uploads\/2019\/04\/Artboard-1-e1569830290964.png?fit=500%2C400&ssl=1","width":500,"height":400,"caption":"Homy Animation"},"image":{"@id":"https:\/\/homyanimation.com\/#\/schema\/logo\/image\/"},"sameAs":["https:\/\/www.facebook.com\/pg\/Homy-Animation-336483537135913","https:\/\/www.instagram.com\/homyanimation"]}]}},"_links":{"self":[{"href":"https:\/\/homyanimation.com\/index.php\/wp-json\/wp\/v2\/pages\/954","targetHints":{"allow":["GET"]}}],"collection":[{"href":"https:\/\/homyanimation.com\/index.php\/wp-json\/wp\/v2\/pages"}],"about":[{"href":"https:\/\/homyanimation.com\/index.php\/wp-json\/wp\/v2\/types\/page"}],"author":[{"embeddable":true,"href":"https:\/\/homyanimation.com\/index.php\/wp-json\/wp\/v2\/users\/1"}],"replies":[{"embeddable":true,"href":"https:\/\/homyanimation.com\/index.php\/wp-json\/wp\/v2\/comments?post=954"}],"version-history":[{"count":14,"href":"https:\/\/homyanimation.com\/index.php\/wp-json\/wp\/v2\/pages\/954\/revisions"}],"predecessor-version":[{"id":1613,"href":"https:\/\/homyanimation.com\/index.php\/wp-json\/wp\/v2\/pages\/954\/revisions\/1613"}],"up":[{"embeddable":true,"href":"https:\/\/homyanimation.com\/index.php\/wp-json\/wp\/v2\/pages\/936"}],"wp:attachment":[{"href":"https:\/\/homyanimation.com\/index.php\/wp-json\/wp\/v2\/media?parent=954"}],"curies":[{"name":"wp","href":"https:\/\/api.w.org\/{rel}","templated":true}]}}