{"id":969,"date":"2019-11-03T12:54:00","date_gmt":"2019-11-03T12:54:00","guid":{"rendered":"https:\/\/homyanimation.com\/?page_id=969"},"modified":"2019-11-03T17:04:54","modified_gmt":"2019-11-03T17:04:54","slug":"manel-sacadura","status":"publish","type":"page","link":"https:\/\/homyanimation.com\/index.php\/pt\/homy-pt\/manel-sacadura\/","title":{"rendered":"Manel Sacadura_pt"},"content":{"rendered":"<div id=\"pl-969\"  class=\"panel-layout\" ><div id=\"pg-969-0\"  class=\"panel-grid panel-no-style\"  style=\"margin-bottom: 30px\" ><div id=\"pgc-969-0-0\"  class=\"panel-grid-cell\" ><div id=\"panel-969-0-0-0\" class=\"so-panel widget widget_sow-image panel-first-child panel-last-child\" data-index=\"0\" style=\"margin: 0% 15% 0% 15%;\" ><div style=\"padding: 0% 0% 0% 0%;\" class=\"panel-widget-style panel-widget-style-for-969-0-0-0\" ><div\n\t\t\t\n\t\t\tclass=\"so-widget-sow-image so-widget-sow-image-default-c67d20f9f743-969\"\n\t\t\t\n\t\t>\n<div class=\"sow-image-container\">\n\t\t<img \n\tsrc=\"https:\/\/homyanimation.com\/wp-content\/uploads\/2019\/09\/Homy-Animation-horizontal0-e1568882940891-300x94.png\" width=\"300\" height=\"94\" srcset=\"https:\/\/homyanimation.com\/wp-content\/uploads\/2019\/09\/Homy-Animation-horizontal0-e1568882940891-300x94.png 300w, https:\/\/homyanimation.com\/wp-content\/uploads\/2019\/09\/Homy-Animation-horizontal0-e1568882940891-768x241.png 768w, https:\/\/homyanimation.com\/wp-content\/uploads\/2019\/09\/Homy-Animation-horizontal0-e1568882940891-1024x321.png 1024w, https:\/\/homyanimation.com\/wp-content\/uploads\/2019\/09\/Homy-Animation-horizontal0-e1568882940891.png 1195w\" sizes=\"(max-width: 300px) 100vw, 300px\" title=\"Homy Animation &#8211; horizontal0\" alt=\"\" \t\tclass=\"so-widget-image\"\/>\n\t<\/div>\n\n<\/div><\/div><\/div><\/div><\/div><div id=\"pg-969-1\"  class=\"panel-grid panel-no-style\"  style=\"margin-bottom: 30px\" ><div id=\"pgc-969-1-0\"  class=\"panel-grid-cell\" ><div id=\"panel-969-1-0-0\" class=\"so-panel widget widget_sow-headline panel-first-child panel-last-child\" data-index=\"1\" style=\"margin: 0px 0px 0px 0px;\" ><div class=\"panel-widget-style panel-widget-style-for-969-1-0-0\" ><div\n\t\t\t\n\t\t\tclass=\"so-widget-sow-headline so-widget-sow-headline-default-c2ea402f4709-969\"\n\t\t\t\n\t\t><div class=\"sow-headline-container \">\n\t\t\t\t\t\t<div class=\"decoration\">\n\t\t\t\t\t\t<div class=\"decoration-inside\"><\/div>\n\t\t\t\t\t<\/div>\n\t\t\t\t\t\t\t\t\t\t\t<h4 class=\"sow-headline\">\n\t\t\t\t\t\tManel Sacadura\t\t\t\t\t\t<\/h4>\n\t\t\t\t\t\t<\/div>\n<\/div><\/div><\/div><\/div><\/div><div id=\"pg-969-2\"  class=\"panel-grid panel-no-style\"  style=\"margin-bottom: 0px\" ><div id=\"pgc-969-2-0\"  class=\"panel-grid-cell\" ><div id=\"panel-969-2-0-0\" class=\"so-panel widget widget_sow-image panel-first-child panel-last-child\" data-index=\"2\" ><div\n\t\t\t\n\t\t\tclass=\"so-widget-sow-image so-widget-sow-image-default-8b5b6f678277-969\"\n\t\t\t\n\t\t>\n<div class=\"sow-image-container\">\n\t\t<img \n\tsrc=\"https:\/\/homyanimation.com\/wp-content\/uploads\/2019\/10\/ManelSacadura.jpg\" width=\"331\" height=\"471\" srcset=\"https:\/\/homyanimation.com\/wp-content\/uploads\/2019\/10\/ManelSacadura.jpg 331w, https:\/\/homyanimation.com\/wp-content\/uploads\/2019\/10\/ManelSacadura-211x300.jpg 211w\" sizes=\"(max-width: 331px) 100vw, 331px\" title=\"ManelSacadura+\" alt=\"\" \t\tclass=\"so-widget-image\"\/>\n\t<\/div>\n\n<\/div><\/div><\/div><div id=\"pgc-969-2-1\"  class=\"panel-grid-cell\" ><div id=\"panel-969-2-1-0\" class=\"so-panel widget widget_sow-editor panel-first-child panel-last-child\" data-index=\"3\" ><div\n\t\t\t\n\t\t\tclass=\"so-widget-sow-editor so-widget-sow-editor-base\"\n\t\t\t\n\t\t>\n<div class=\"siteorigin-widget-tinymce textwidget\">\n\t<p>A carreira de Manel Sacadura come\u00e7ou em 1981, rec\u00e9m sa\u00eddo da escola de arte, como intervalista na Opticalprint. R\u00e1pidamente evoluiu para animador, e depois para realizador.<\/p>\n<p>Naqueles anos iniciais como profissional, ainda n\u00e3o havia computadores na ind\u00fastria. Isso deu-lhe a oportunidade para a pr\u00e1tica de muitas\u00a0 t\u00e9cnicas de anima\u00e7\u00e3o - desenho animado cl\u00e1ssico (ainda em acetatos!), stop-motion e muitas outras t\u00e9cnicas, al\u00e9m de muitos efeitos especiais e p\u00f3s-produ\u00e7\u00e3o em filme. Que grande escola!<br \/>\nPortanto, a transi\u00e7\u00e3o para \u00f5s computadores e a anima\u00e7\u00e3o 3D foi f\u00e1cil.<\/p>\n<p>Em 1996, com dois colaboradores, fundou uma produtora - TRIX -, que r\u00e1pidamente se tornou\u00a0 uma importante e respeitada participante na \u00e1rea da publicidade e comunica\u00e7\u00e3o. Foi a\u00ed que a sua val\u00eancias profissionais\u00a0 mais se desenvolveram e evoluiram, realizando imagem real e anima\u00e7\u00e3o.<\/p>\n<p>Mas ap\u00f3s duas d\u00e9cadas, era hora de seguir em frente. Ent\u00e3o, amadureceu a decis\u00e3o de fazer um reset e restart, e seguir em frente.<\/p>\n<p>E assim come\u00e7a a hist\u00f3ria da Homy Animation!<\/p>\n<p>Podem ver-se alguns de seus trabalhos anteriores no<span style=\"font-size: 1rem;\">\u00a0<\/span><a style=\"font-size: 1rem;\" href=\"https:\/\/www.behance.net\/manelsacadura\/\" target=\"_blank\" rel=\"noopener\">B\u00e9hance <\/a><span style=\"font-size: 1rem;\">ou no <\/span><a style=\"font-size: 1rem;\" href=\"https:\/\/vimeo.com\/manelsacadura\" target=\"_blank\" rel=\"noopener\">Vimeo<\/a><span style=\"font-size: 1rem;\">.<\/span><\/p>\n<\/div>\n<\/div><\/div><\/div><\/div><div id=\"pg-969-3\"  class=\"panel-grid panel-no-style\" ><div id=\"pgc-969-3-0\"  class=\"panel-grid-cell\" ><div id=\"panel-969-3-0-0\" class=\"so-panel widget widget_sow-editor panel-first-child panel-last-child\" data-index=\"4\" style=\"margin: 0px 0px 0px 0px;\" ><div style=\"padding: 0px 0px 0px 0px;\" class=\"panel-widget-style panel-widget-style-for-969-3-0-0\" ><div\n\t\t\t\n\t\t\tclass=\"so-widget-sow-editor so-widget-sow-editor-base\"\n\t\t\t\n\t\t>\n<div class=\"siteorigin-widget-tinymce textwidget\">\n\t<h3 style=\"text-align: center;\">Obrigado pela aten\u00e7\u00e3o!\u00a0 \ud83d\ude03<\/h3>\n<p><a href=\"https:\/\/homyanimation.com\/index.php\/pt\/homy-pt\/\"><img loading=\"lazy\" decoding=\"async\" class=\"alignnone wp-image-7 aligncenter\" src=\"https:\/\/homyanimation.com\/wp-content\/uploads\/2019\/04\/HOMY-animation@0.5x-226x300.png\" alt=\"\" width=\"88\" height=\"117\" \/><\/a><\/p>\n<\/div>\n<\/div><\/div><\/div><\/div><\/div><\/div>","protected":false},"excerpt":{"rendered":"<p>Manel Sacadura A carreira de Manel Sacadura come\u00e7ou em 1981, rec\u00e9m sa\u00eddo da escola de arte, como intervalista na Opticalprint. R\u00e1pidamente evoluiu para animador, e depois para realizador. Naqueles anos iniciais como profissional, ainda n\u00e3o havia computadores na ind\u00fastria. Isso deu-lhe a oportunidade para a pr\u00e1tica de muitas\u00a0 t\u00e9cnicas de anima\u00e7\u00e3o &#8211; desenho animado cl\u00e1ssico &hellip; <\/p>\n<p class=\"link-more\"><a href=\"https:\/\/homyanimation.com\/index.php\/pt\/homy-pt\/manel-sacadura\/\" class=\"more-link\">Continuar a ler <span class=\"screen-reader-text\">&#8220;Manel Sacadura_pt&#8221;<\/span><\/a><\/p>\n","protected":false},"author":1,"featured_media":0,"parent":936,"menu_order":0,"comment_status":"closed","ping_status":"closed","template":"","meta":{"inline_featured_image":false,"ngg_post_thumbnail":0,"footnotes":""},"class_list":["post-969","page","type-page","status-publish","hentry"],"yoast_head":"<!-- This site is optimized with the Yoast SEO plugin v27.4 - https:\/\/yoast.com\/product\/yoast-seo-wordpress\/ -->\n<title>Manel Sacadura_pt &#8902; HOMY Animation<\/title>\n<meta name=\"robots\" content=\"index, follow, max-snippet:-1, max-image-preview:large, max-video-preview:-1\" \/>\n<link rel=\"canonical\" href=\"https:\/\/homyanimation.com\/index.php\/pt\/homy-pt\/manel-sacadura\/\" \/>\n<meta property=\"og:locale\" content=\"pt_PT\" \/>\n<meta property=\"og:type\" content=\"article\" \/>\n<meta property=\"og:title\" content=\"Manel Sacadura_pt &#8902; HOMY Animation\" \/>\n<meta property=\"og:description\" content=\"Manel Sacadura A carreira de Manel Sacadura come\u00e7ou em 1981, rec\u00e9m sa\u00eddo da escola de arte, como intervalista na Opticalprint. R\u00e1pidamente evoluiu para animador, e depois para realizador. Naqueles anos iniciais como profissional, ainda n\u00e3o havia computadores na ind\u00fastria. Isso deu-lhe a oportunidade para a pr\u00e1tica de muitas\u00a0 t\u00e9cnicas de anima\u00e7\u00e3o - desenho animado cl\u00e1ssico &hellip; Continuar a ler &quot;Manel Sacadura_pt&quot;\" \/>\n<meta property=\"og:url\" content=\"https:\/\/homyanimation.com\/index.php\/pt\/homy-pt\/manel-sacadura\/\" \/>\n<meta property=\"og:site_name\" content=\"HOMY Animation\" \/>\n<meta property=\"article:publisher\" content=\"https:\/\/www.facebook.com\/pg\/Homy-Animation-336483537135913\" \/>\n<meta property=\"article:modified_time\" content=\"2019-11-03T17:04:54+00:00\" \/>\n<meta property=\"og:image\" content=\"https:\/\/homyanimation.com\/wp-content\/uploads\/2019\/04\/HOMY-animation@0.5x-226x300.png\" \/>\n<meta name=\"twitter:card\" content=\"summary_large_image\" \/>\n<meta name=\"twitter:label1\" content=\"Tempo estimado de leitura\" \/>\n\t<meta name=\"twitter:data1\" content=\"1 minuto\" \/>\n<script type=\"application\/ld+json\" class=\"yoast-schema-graph\">{\"@context\":\"https:\\\/\\\/schema.org\",\"@graph\":[{\"@type\":\"WebPage\",\"@id\":\"https:\\\/\\\/homyanimation.com\\\/index.php\\\/pt\\\/homy-pt\\\/manel-sacadura\\\/\",\"url\":\"https:\\\/\\\/homyanimation.com\\\/index.php\\\/pt\\\/homy-pt\\\/manel-sacadura\\\/\",\"name\":\"Manel Sacadura_pt &#8902; HOMY Animation\",\"isPartOf\":{\"@id\":\"https:\\\/\\\/homyanimation.com\\\/#website\"},\"primaryImageOfPage\":{\"@id\":\"https:\\\/\\\/homyanimation.com\\\/index.php\\\/pt\\\/homy-pt\\\/manel-sacadura\\\/#primaryimage\"},\"image\":{\"@id\":\"https:\\\/\\\/homyanimation.com\\\/index.php\\\/pt\\\/homy-pt\\\/manel-sacadura\\\/#primaryimage\"},\"thumbnailUrl\":\"https:\\\/\\\/homyanimation.com\\\/wp-content\\\/uploads\\\/2019\\\/04\\\/HOMY-animation@0.5x-226x300.png\",\"datePublished\":\"2019-11-03T12:54:00+00:00\",\"dateModified\":\"2019-11-03T17:04:54+00:00\",\"breadcrumb\":{\"@id\":\"https:\\\/\\\/homyanimation.com\\\/index.php\\\/pt\\\/homy-pt\\\/manel-sacadura\\\/#breadcrumb\"},\"inLanguage\":\"pt-PT\",\"potentialAction\":[{\"@type\":\"ReadAction\",\"target\":[\"https:\\\/\\\/homyanimation.com\\\/index.php\\\/pt\\\/homy-pt\\\/manel-sacadura\\\/\"]}]},{\"@type\":\"ImageObject\",\"inLanguage\":\"pt-PT\",\"@id\":\"https:\\\/\\\/homyanimation.com\\\/index.php\\\/pt\\\/homy-pt\\\/manel-sacadura\\\/#primaryimage\",\"url\":\"https:\\\/\\\/homyanimation.com\\\/wp-content\\\/uploads\\\/2019\\\/04\\\/HOMY-animation@0.5x-226x300.png\",\"contentUrl\":\"https:\\\/\\\/homyanimation.com\\\/wp-content\\\/uploads\\\/2019\\\/04\\\/HOMY-animation@0.5x-226x300.png\"},{\"@type\":\"BreadcrumbList\",\"@id\":\"https:\\\/\\\/homyanimation.com\\\/index.php\\\/pt\\\/homy-pt\\\/manel-sacadura\\\/#breadcrumb\",\"itemListElement\":[{\"@type\":\"ListItem\",\"position\":1,\"name\":\"Home\",\"item\":\"http:\\\/\\\/homyanimation.com\\\/\"},{\"@type\":\"ListItem\",\"position\":2,\"name\":\"HOMY\",\"item\":\"https:\\\/\\\/homyanimation.com\\\/index.php\\\/pt\\\/homy-pt\\\/\"},{\"@type\":\"ListItem\",\"position\":3,\"name\":\"Manel Sacadura_pt\"}]},{\"@type\":\"WebSite\",\"@id\":\"https:\\\/\\\/homyanimation.com\\\/#website\",\"url\":\"https:\\\/\\\/homyanimation.com\\\/\",\"name\":\"HOMY Animation\",\"description\":\"expressing motion\",\"publisher\":{\"@id\":\"https:\\\/\\\/homyanimation.com\\\/#organization\"},\"potentialAction\":[{\"@type\":\"SearchAction\",\"target\":{\"@type\":\"EntryPoint\",\"urlTemplate\":\"https:\\\/\\\/homyanimation.com\\\/?s={search_term_string}\"},\"query-input\":{\"@type\":\"PropertyValueSpecification\",\"valueRequired\":true,\"valueName\":\"search_term_string\"}}],\"inLanguage\":\"pt-PT\"},{\"@type\":\"Organization\",\"@id\":\"https:\\\/\\\/homyanimation.com\\\/#organization\",\"name\":\"Homy Animation\",\"url\":\"https:\\\/\\\/homyanimation.com\\\/\",\"logo\":{\"@type\":\"ImageObject\",\"inLanguage\":\"pt-PT\",\"@id\":\"https:\\\/\\\/homyanimation.com\\\/#\\\/schema\\\/logo\\\/image\\\/\",\"url\":\"https:\\\/\\\/i1.wp.com\\\/homyanimation.com\\\/wp-content\\\/uploads\\\/2019\\\/04\\\/Artboard-1-e1569830290964.png?fit=500%2C400&ssl=1\",\"contentUrl\":\"https:\\\/\\\/i1.wp.com\\\/homyanimation.com\\\/wp-content\\\/uploads\\\/2019\\\/04\\\/Artboard-1-e1569830290964.png?fit=500%2C400&ssl=1\",\"width\":500,\"height\":400,\"caption\":\"Homy Animation\"},\"image\":{\"@id\":\"https:\\\/\\\/homyanimation.com\\\/#\\\/schema\\\/logo\\\/image\\\/\"},\"sameAs\":[\"https:\\\/\\\/www.facebook.com\\\/pg\\\/Homy-Animation-336483537135913\",\"https:\\\/\\\/www.instagram.com\\\/homyanimation\"]}]}<\/script>\n<!-- \/ Yoast SEO plugin. -->","yoast_head_json":{"title":"Manel Sacadura_pt &#8902; HOMY Animation","robots":{"index":"index","follow":"follow","max-snippet":"max-snippet:-1","max-image-preview":"max-image-preview:large","max-video-preview":"max-video-preview:-1"},"canonical":"https:\/\/homyanimation.com\/index.php\/pt\/homy-pt\/manel-sacadura\/","og_locale":"pt_PT","og_type":"article","og_title":"Manel Sacadura_pt &#8902; HOMY Animation","og_description":"Manel Sacadura A carreira de Manel Sacadura come\u00e7ou em 1981, rec\u00e9m sa\u00eddo da escola de arte, como intervalista na Opticalprint. R\u00e1pidamente evoluiu para animador, e depois para realizador. Naqueles anos iniciais como profissional, ainda n\u00e3o havia computadores na ind\u00fastria. Isso deu-lhe a oportunidade para a pr\u00e1tica de muitas\u00a0 t\u00e9cnicas de anima\u00e7\u00e3o - desenho animado cl\u00e1ssico &hellip; Continuar a ler \"Manel Sacadura_pt\"","og_url":"https:\/\/homyanimation.com\/index.php\/pt\/homy-pt\/manel-sacadura\/","og_site_name":"HOMY Animation","article_publisher":"https:\/\/www.facebook.com\/pg\/Homy-Animation-336483537135913","article_modified_time":"2019-11-03T17:04:54+00:00","og_image":[{"url":"https:\/\/homyanimation.com\/wp-content\/uploads\/2019\/04\/HOMY-animation@0.5x-226x300.png","type":"","width":"","height":""}],"twitter_card":"summary_large_image","twitter_misc":{"Tempo estimado de leitura":"1 minuto"},"schema":{"@context":"https:\/\/schema.org","@graph":[{"@type":"WebPage","@id":"https:\/\/homyanimation.com\/index.php\/pt\/homy-pt\/manel-sacadura\/","url":"https:\/\/homyanimation.com\/index.php\/pt\/homy-pt\/manel-sacadura\/","name":"Manel Sacadura_pt &#8902; HOMY Animation","isPartOf":{"@id":"https:\/\/homyanimation.com\/#website"},"primaryImageOfPage":{"@id":"https:\/\/homyanimation.com\/index.php\/pt\/homy-pt\/manel-sacadura\/#primaryimage"},"image":{"@id":"https:\/\/homyanimation.com\/index.php\/pt\/homy-pt\/manel-sacadura\/#primaryimage"},"thumbnailUrl":"https:\/\/homyanimation.com\/wp-content\/uploads\/2019\/04\/HOMY-animation@0.5x-226x300.png","datePublished":"2019-11-03T12:54:00+00:00","dateModified":"2019-11-03T17:04:54+00:00","breadcrumb":{"@id":"https:\/\/homyanimation.com\/index.php\/pt\/homy-pt\/manel-sacadura\/#breadcrumb"},"inLanguage":"pt-PT","potentialAction":[{"@type":"ReadAction","target":["https:\/\/homyanimation.com\/index.php\/pt\/homy-pt\/manel-sacadura\/"]}]},{"@type":"ImageObject","inLanguage":"pt-PT","@id":"https:\/\/homyanimation.com\/index.php\/pt\/homy-pt\/manel-sacadura\/#primaryimage","url":"https:\/\/homyanimation.com\/wp-content\/uploads\/2019\/04\/HOMY-animation@0.5x-226x300.png","contentUrl":"https:\/\/homyanimation.com\/wp-content\/uploads\/2019\/04\/HOMY-animation@0.5x-226x300.png"},{"@type":"BreadcrumbList","@id":"https:\/\/homyanimation.com\/index.php\/pt\/homy-pt\/manel-sacadura\/#breadcrumb","itemListElement":[{"@type":"ListItem","position":1,"name":"Home","item":"http:\/\/homyanimation.com\/"},{"@type":"ListItem","position":2,"name":"HOMY","item":"https:\/\/homyanimation.com\/index.php\/pt\/homy-pt\/"},{"@type":"ListItem","position":3,"name":"Manel Sacadura_pt"}]},{"@type":"WebSite","@id":"https:\/\/homyanimation.com\/#website","url":"https:\/\/homyanimation.com\/","name":"HOMY Animation","description":"expressing motion","publisher":{"@id":"https:\/\/homyanimation.com\/#organization"},"potentialAction":[{"@type":"SearchAction","target":{"@type":"EntryPoint","urlTemplate":"https:\/\/homyanimation.com\/?s={search_term_string}"},"query-input":{"@type":"PropertyValueSpecification","valueRequired":true,"valueName":"search_term_string"}}],"inLanguage":"pt-PT"},{"@type":"Organization","@id":"https:\/\/homyanimation.com\/#organization","name":"Homy Animation","url":"https:\/\/homyanimation.com\/","logo":{"@type":"ImageObject","inLanguage":"pt-PT","@id":"https:\/\/homyanimation.com\/#\/schema\/logo\/image\/","url":"https:\/\/i1.wp.com\/homyanimation.com\/wp-content\/uploads\/2019\/04\/Artboard-1-e1569830290964.png?fit=500%2C400&ssl=1","contentUrl":"https:\/\/i1.wp.com\/homyanimation.com\/wp-content\/uploads\/2019\/04\/Artboard-1-e1569830290964.png?fit=500%2C400&ssl=1","width":500,"height":400,"caption":"Homy Animation"},"image":{"@id":"https:\/\/homyanimation.com\/#\/schema\/logo\/image\/"},"sameAs":["https:\/\/www.facebook.com\/pg\/Homy-Animation-336483537135913","https:\/\/www.instagram.com\/homyanimation"]}]}},"_links":{"self":[{"href":"https:\/\/homyanimation.com\/index.php\/wp-json\/wp\/v2\/pages\/969","targetHints":{"allow":["GET"]}}],"collection":[{"href":"https:\/\/homyanimation.com\/index.php\/wp-json\/wp\/v2\/pages"}],"about":[{"href":"https:\/\/homyanimation.com\/index.php\/wp-json\/wp\/v2\/types\/page"}],"author":[{"embeddable":true,"href":"https:\/\/homyanimation.com\/index.php\/wp-json\/wp\/v2\/users\/1"}],"replies":[{"embeddable":true,"href":"https:\/\/homyanimation.com\/index.php\/wp-json\/wp\/v2\/comments?post=969"}],"version-history":[{"count":5,"href":"https:\/\/homyanimation.com\/index.php\/wp-json\/wp\/v2\/pages\/969\/revisions"}],"predecessor-version":[{"id":1080,"href":"https:\/\/homyanimation.com\/index.php\/wp-json\/wp\/v2\/pages\/969\/revisions\/1080"}],"up":[{"embeddable":true,"href":"https:\/\/homyanimation.com\/index.php\/wp-json\/wp\/v2\/pages\/936"}],"wp:attachment":[{"href":"https:\/\/homyanimation.com\/index.php\/wp-json\/wp\/v2\/media?parent=969"}],"curies":[{"name":"wp","href":"https:\/\/api.w.org\/{rel}","templated":true}]}}