{"id":993,"date":"2019-11-03T13:27:04","date_gmt":"2019-11-03T13:27:04","guid":{"rendered":"https:\/\/homyanimation.com\/?page_id=993"},"modified":"2024-03-01T18:28:33","modified_gmt":"2024-03-01T18:28:33","slug":"arvore","status":"publish","type":"page","link":"https:\/\/homyanimation.com\/index.php\/pt\/homy-pt\/trabalhos\/arvore\/","title":{"rendered":"Arvore_pt"},"content":{"rendered":"<div id=\"pl-993\"  class=\"panel-layout\" ><div id=\"pg-993-0\"  class=\"panel-grid panel-has-style\"  style=\"margin-bottom: 0px\" ><div class=\"siteorigin-panels-stretch panel-row-style panel-row-style-for-993-0\" style=\"padding: 0px 0px 0px 0px;\" data-stretch-type=\"full-width-stretch\" ><div id=\"pgc-993-0-0\"  class=\"panel-grid-cell\" ><div id=\"panel-993-0-0-0\" class=\"so-panel widget widget_sow-headline panel-first-child\" data-index=\"0\" style=\"margin: 0px 0px 0px 0px;\" ><div style=\"padding: 0px 0px 0px 0px;\" class=\"panel-widget-style panel-widget-style-for-993-0-0-0\" ><div\n\t\t\t\n\t\t\tclass=\"so-widget-sow-headline so-widget-sow-headline-default-884a7a030785-993\"\n\t\t\t\n\t\t><div class=\"sow-headline-container \">\n\t\t\t\t\t\t\t<h1 class=\"sow-headline\">\n\t\t\t\t\t\t\u00c1rvore\t\t\t\t\t\t<\/h1>\n\t\t\t\t\t\t\t\t\t\t\t\t<p class=\"sow-sub-headline\">\n\t\t\t\t\t\t3 filmes educativos acerca das \u00e1rvores\t\t\t\t\t\t<\/p>\n\t\t\t\t\t\t<\/div>\n<\/div><\/div><\/div><div id=\"panel-993-0-0-1\" class=\"so-panel widget widget_sow-slider\" data-index=\"1\" style=\"margin: 0% 15% 0% 15%;\" ><div class=\"panel-widget-style panel-widget-style-for-993-0-0-1\" ><div\n\t\t\t\n\t\t\tclass=\"so-widget-sow-slider so-widget-sow-slider-default-b4f4bad647e0-993\"\n\t\t\t\n\t\t>\t\t\t\t<div class=\"sow-slider-base\" style=\"display: none\" tabindex=\"0\">\n\t\t\t\t\t<ul\n\t\t\t\t\tclass=\"sow-slider-images\"\n\t\t\t\t\tdata-settings=\"{&quot;pagination&quot;:true,&quot;speed&quot;:800,&quot;timeout&quot;:800000,&quot;paused&quot;:false,&quot;pause_on_hover&quot;:false,&quot;swipe&quot;:true,&quot;nav_always_show_desktop&quot;:&quot;&quot;,&quot;nav_always_show_mobile&quot;:&quot;&quot;,&quot;breakpoint&quot;:&quot;780px&quot;,&quot;unmute&quot;:false,&quot;anchor&quot;:null}\"\n\t\t\t\t\t\t\t\t\t\tdata-anchor-id=\"\"\n\t\t\t\t>\t\t<li class=\"sow-slider-image\" style=\"visibility: visible;\" >\n\t\t\t<div class=\"sow-slide-video-oembed\" style=\"opacity: 1\"><iframe loading=\"lazy\" title=\"TRONCO \/ TRUNK\" src=\"https:\/\/player.vimeo.com\/video\/351381394?dnt=1&amp;app_id=122963&api=true\" width=\"525\" height=\"525\" frameborder=\"0\" allow=\"autoplay; fullscreen; picture-in-picture; clipboard-write; encrypted-media; web-share\" referrerpolicy=\"strict-origin-when-cross-origin\" allowfullscreen mozallowfullscreen webkitallowfullscreen sandbox=\"allow-scripts allow-same-origin allow-presentation\"><\/iframe><\/div>\t\t<\/li>\n\t\t\t\t<li class=\"sow-slider-image\" style=\"visibility: hidden;\" >\n\t\t\t<div class=\"sow-slide-video-oembed\" style=\"opacity: 1\"><iframe loading=\"lazy\" title=\"RAIZ \/ ROOT\" src=\"https:\/\/player.vimeo.com\/video\/350296068?dnt=1&amp;app_id=122963&api=true\" width=\"525\" height=\"525\" frameborder=\"0\" allow=\"autoplay; fullscreen; picture-in-picture; clipboard-write; encrypted-media; web-share\" referrerpolicy=\"strict-origin-when-cross-origin\" allowfullscreen mozallowfullscreen webkitallowfullscreen sandbox=\"allow-scripts allow-same-origin allow-presentation\"><\/iframe><\/div>\t\t<\/li>\n\t\t\t\t<li class=\"sow-slider-image\" style=\"visibility: hidden;\" >\n\t\t\t<div class=\"sow-slide-video-oembed\" style=\"opacity: 1\"><iframe loading=\"lazy\" title=\"COPA \/ CROWN\" src=\"https:\/\/player.vimeo.com\/video\/350288636?dnt=1&amp;app_id=122963&api=true\" width=\"525\" height=\"525\" frameborder=\"0\" allow=\"autoplay; fullscreen; picture-in-picture; clipboard-write; encrypted-media; web-share\" referrerpolicy=\"strict-origin-when-cross-origin\" allowfullscreen mozallowfullscreen webkitallowfullscreen sandbox=\"allow-scripts allow-same-origin allow-presentation\"><\/iframe><\/div>\t\t<\/li>\n\t\t<\/ul>\t\t\t\t<ol class=\"sow-slider-pagination\">\n\t\t\t\t\t\t\t\t\t\t\t<li><a href=\"#\" data-goto=\"0\" aria-label=\"Display slide 1\"><\/a><\/li>\n\t\t\t\t\t\t\t\t\t\t\t<li><a href=\"#\" data-goto=\"1\" aria-label=\"Display slide 2\"><\/a><\/li>\n\t\t\t\t\t\t\t\t\t\t\t<li><a href=\"#\" data-goto=\"2\" aria-label=\"Display slide 3\"><\/a><\/li>\n\t\t\t\t\t\t\t\t\t<\/ol>\n\n\t\t\t\t<div class=\"sow-slide-nav sow-slide-nav-next\">\n\t\t\t\t\t<a href=\"#\" data-goto=\"next\" aria-label=\"Next slide\" data-action=\"next\">\n\t\t\t\t\t\t<em class=\"sow-sld-icon-thick-right\"><\/em>\n\t\t\t\t\t<\/a>\n\t\t\t\t<\/div>\n\n\t\t\t\t<div class=\"sow-slide-nav sow-slide-nav-prev\">\n\t\t\t\t\t<a href=\"#\" data-goto=\"previous\" aria-label=\"Previous slide\" data-action=\"prev\">\n\t\t\t\t\t\t<em class=\"sow-sld-icon-thick-left\"><\/em>\n\t\t\t\t\t<\/a>\n\t\t\t\t<\/div>\n\t\t\t\t<\/div><\/div><\/div><\/div><div id=\"panel-993-0-0-2\" class=\"so-panel widget widget_sow-editor\" data-index=\"2\" style=\"margin: 0% 3% 0% 3%;\" ><div style=\"padding: 0% 3% 0% 3%;\" class=\"panel-widget-style panel-widget-style-for-993-0-0-2\" ><div\n\t\t\t\n\t\t\tclass=\"so-widget-sow-editor so-widget-sow-editor-base\"\n\t\t\t\n\t\t><h3 class=\"widget-title\">\u00a0 \u00a0 \u00a0 \u00a0 \u00a0 \u00a0 \u00a0 \u00a0 \u00a0 \u00a0 \u00a0 \u00a0 \u00a0 \u00a0 \u00a0 \u00a0 \u00a0 \u00a0<\/h3>\n<div class=\"siteorigin-widget-tinymce textwidget\">\n\t<p class=\"first\">\n<p>Estes tr\u00eas filmes educativos sobre \u00e1rvores s\u00e3o exibidos actualmente na exposi\u00e7\u00e3o multim\u00e9dia, parte do circuito educativo do Parque de Monserrate, em Sintra , do Monte da Lua. O primeiro centra-se na raiz, o segundo no tronco e o terceiro na copa (use os controles de <em>slider<\/em> para alternar).<\/p>\n<p><img loading=\"lazy\" decoding=\"async\" class=\" wp-image-706 alignright\" src=\"https:\/\/homyanimation.com\/wp-content\/uploads\/2019\/10\/arvore_expo-225x300.png\" alt=\"\" width=\"190\" height=\"253\" srcset=\"https:\/\/homyanimation.com\/wp-content\/uploads\/2019\/10\/arvore_expo-225x300.png 225w, https:\/\/homyanimation.com\/wp-content\/uploads\/2019\/10\/arvore_expo-768x1024.png 768w, https:\/\/homyanimation.com\/wp-content\/uploads\/2019\/10\/arvore_expo.png 774w\" sizes=\"auto, (max-width: 190px) 100vw, 190px\" \/><\/p>\n<p>Fomos desafiados pela Sardinha Em Lata a colaborar no projecto de seus clientes com estes tr\u00eas filmes. A contribui\u00e7\u00e3o da HOMY Animation foi a realiza\u00e7\u00e3o, todo o retoque e processamento de imagem, a <span style=\"font-size: 1rem;\">anima\u00e7\u00e3o e acabamento t\u00e9cnico.<\/span><\/p>\n<p>O formato quadrado pouco comum foi necess\u00e1rio porque cada filme \u00e9 exibido atrav\u00e9s de um corte circular,\u00a0 num expositor tem\u00e1tico especial, como o que se v\u00ea na imagem (neste caso, o expositor da raiz).<\/p>\n<\/div>\n<\/div><\/div><\/div><div id=\"panel-993-0-0-3\" class=\"so-panel widget widget_sow-editor panel-last-child\" data-index=\"3\" style=\"margin: 0% 10% 0% 10%;\" ><div style=\"padding: 0% 10% 0% 10%;\" class=\"panel-widget-style panel-widget-style-for-993-0-0-3\" ><div\n\t\t\t\n\t\t\tclass=\"so-widget-sow-editor so-widget-sow-editor-base\"\n\t\t\t\n\t\t><h3 class=\"widget-title\">Ficha T\u00e9cnica\u00a0 \u00a0 \u00a0 \u00a0 \u00a0 \u00a0 \u00a0 \u00a0 \u00a0 \u00a0 \u00a0 \u00a0 \u00a0 \u00a0 \u00a0 \u00a0 \u00a0<\/h3>\n<div class=\"siteorigin-widget-tinymce textwidget\">\n\t<p>realiza\u00e7\u00e3o, anima\u00e7\u00e3o: Manel Sacadura<br \/>\nilustra\u00e7\u00e3o e consultora cient\u00edfica: Sara Sim\u00f5es<br \/>\nprocessamento de imagem, anima\u00e7\u00e3o: Madalena Pinto Coelho<br \/>\nlocu\u00e7\u00e3o: Joana Brand\u00e3o<br \/>\nsonoplastia: Daniel Camalh\u00e3o<br \/>\ngui\u00e3o\/cliente final: Monte Da Lua<br \/>\nProduzido para Sardinha Em Lata<\/p>\n<\/div>\n<\/div><\/div><\/div><\/div><\/div><\/div><div id=\"pg-993-1\"  class=\"panel-grid panel-has-style\"  style=\"margin-bottom: 0px\" ><div class=\"siteorigin-panels-stretch panel-row-style panel-row-style-for-993-1\" style=\"padding: 0px 0px 0px 0px;\" data-stretch-type=\"full-width-stretch\" ><div id=\"pgc-993-1-0\"  class=\"panel-grid-cell\" ><div id=\"panel-993-1-0-0\" class=\"so-panel widget widget_sow-headline panel-first-child\" data-index=\"4\" style=\"margin: 0px 0px 0px 0px;\" ><div style=\"padding: 0px 0px 0px 0px;\" class=\"panel-widget-style panel-widget-style-for-993-1-0-0\" ><div\n\t\t\t\n\t\t\tclass=\"so-widget-sow-headline so-widget-sow-headline-default-5e4aabbf1b0d-993\"\n\t\t\t\n\t\t><div class=\"sow-headline-container \">\n\t\t\t\t\t\t<div class=\"decoration\">\n\t\t\t\t\t\t<div class=\"decoration-inside\"><\/div>\n\t\t\t\t\t<\/div>\n\t\t\t\t\t\t\t\t\t\t\t<h3 class=\"sow-headline\">\n\t\t\t\t\t\tGaleria de esbo\u00e7os\t\t\t\t\t\t<\/h3>\n\t\t\t\t\t\t\t\t\t\t\t\t<p class=\"sow-sub-headline\">\n\t\t\t\t\t\talguns excelentes estudos preliminares da ilustradora cient\u00edfica Sara Sim\u00f5es\t\t\t\t\t\t<\/p>\n\t\t\t\t\t\t<\/div>\n<\/div><\/div><\/div><div id=\"panel-993-1-0-1\" class=\"so-panel widget widget_sow-editor\" data-index=\"5\" style=\"margin: 0% 7% 0% 7%;\" ><div style=\"padding: 0px 0px 0px 0px;\" class=\"panel-widget-style panel-widget-style-for-993-1-0-1\" ><div\n\t\t\t\n\t\t\tclass=\"so-widget-sow-editor so-widget-sow-editor-base\"\n\t\t\t\n\t\t>\n<div class=\"siteorigin-widget-tinymce textwidget\">\n\tngg_shortcode_0_placeholder\n<\/div>\n<\/div><\/div><\/div><div id=\"panel-993-1-0-2\" class=\"so-panel widget widget_sow-editor panel-last-child\" data-index=\"6\" style=\"margin: 0px 0px 0px 0px;\" ><div style=\"padding: 0px 0px 0px 0px;\" class=\"panel-widget-style panel-widget-style-for-993-1-0-2\" ><div\n\t\t\t\n\t\t\tclass=\"so-widget-sow-editor so-widget-sow-editor-base\"\n\t\t\t\n\t\t>\n<div class=\"siteorigin-widget-tinymce textwidget\">\n\t<h3 style=\"text-align: center;\">Obrigado pela aten\u00e7\u00e3o!\u00a0 \ud83d\ude03<\/h3>\n<p><a href=\"https:\/\/homyanimation.com\/index.php\/pt\/homy-pt\/\"><img loading=\"lazy\" decoding=\"async\" class=\"alignnone wp-image-7 aligncenter\" src=\"https:\/\/homyanimation.com\/wp-content\/uploads\/2019\/04\/HOMY-animation@0.5x-226x300.png\" alt=\"\" width=\"88\" height=\"117\" \/><\/a><\/p>\n<\/div>\n<\/div><\/div><\/div><\/div><\/div><\/div><div id=\"pg-993-2\"  class=\"panel-grid panel-has-style\"  style=\"margin-bottom: 0px\" ><div class=\"siteorigin-panels-stretch panel-row-style panel-row-style-for-993-2\" style=\"padding: 0px 0px 0px 0px;\" data-stretch-type=\"full\" ><div id=\"pgc-993-2-0\"  class=\"panel-grid-cell\" ><div id=\"panel-993-2-0-0\" class=\"so-panel widget widget_sow-button panel-first-child panel-last-child\" data-index=\"7\" style=\"margin: 0px 0px 0px 0px;\" ><div style=\"padding: 0% 15% 0% 15%;\" class=\"panel-widget-style panel-widget-style-for-993-2-0-0\" ><div\n\t\t\t\n\t\t\tclass=\"so-widget-sow-button so-widget-sow-button-flat-8c806be79d78-993\"\n\t\t\t\n\t\t><div class=\"ow-button-base ow-button-align-center\"\n>\n\t\t\t<a\n\t\t\t\t\thref=\"https:\/\/homyanimation.com\/index.php\/pt\/homy-pt\/trabalhos\/rota-vicentina\/\"\n\t\t\t\t\tclass=\"sowb-button ow-icon-placement-left ow-button-hover\" \t>\n\t\t<span>\n\t\t\t<span class=\"sow-icon-fontawesome sow-far\" data-sow-icon=\"&#xf0a5;\"\n\t\tstyle=\"\" \n\t\taria-hidden=\"true\"><\/span>\n\t\t\t&lt; anterior\t\t<\/span>\n\t\t\t<\/a>\n\t<\/div>\n<\/div><\/div><\/div><\/div><div id=\"pgc-993-2-1\"  class=\"panel-grid-cell\" ><div id=\"panel-993-2-1-0\" class=\"so-panel widget widget_sow-button panel-first-child panel-last-child\" data-index=\"8\" style=\"margin: 0px 0px 0px 0px;\" ><div style=\"padding: 0% 15% 0% 15%;\" class=\"panel-widget-style panel-widget-style-for-993-2-1-0\" ><div\n\t\t\t\n\t\t\tclass=\"so-widget-sow-button so-widget-sow-button-flat-c313b5801751-993\"\n\t\t\t\n\t\t><div class=\"ow-button-base ow-button-align-center\"\n>\n\t\t\t<a\n\t\t\t\t\thref=\"https:\/\/homyanimation.com\/index.php\/pt\/homy-pt\/trabalhos\/\"\n\t\t\t\t\tclass=\"sowb-button ow-icon-placement-right ow-button-hover\" \t>\n\t\t<span>\n\t\t\t\n\t\t\ttrabalhos\t\t<\/span>\n\t\t\t<\/a>\n\t<\/div>\n<\/div><\/div><\/div><\/div><div id=\"pgc-993-2-2\"  class=\"panel-grid-cell\" ><div id=\"panel-993-2-2-0\" class=\"so-panel widget widget_sow-button panel-first-child panel-last-child\" data-index=\"9\" style=\"margin: 0px 0px 0px 0px;\" ><div style=\"padding: 0% 15% 0% 15%;\" class=\"panel-widget-style panel-widget-style-for-993-2-2-0\" ><div\n\t\t\t\n\t\t\tclass=\"so-widget-sow-button so-widget-sow-button-flat-8c806be79d78-993\"\n\t\t\t\n\t\t><div class=\"ow-button-base ow-button-align-center\"\n>\n\t\t\t<a\n\t\t\t\t\thref=\"https:\/\/homyanimation.com\/index.php\/pt\/homy-pt\/trabalhos\/lipton-praia\/\"\n\t\t\t\t\tclass=\"sowb-button ow-icon-placement-right ow-button-hover\" \t>\n\t\t<span>\n\t\t\t<span class=\"sow-icon-fontawesome sow-far\" data-sow-icon=\"&#xf0a4;\"\n\t\tstyle=\"\" \n\t\taria-hidden=\"true\"><\/span>\n\t\t\tseguinte &gt;\t\t<\/span>\n\t\t\t<\/a>\n\t<\/div>\n<\/div><\/div><\/div><\/div><\/div><\/div><\/div>","protected":false},"excerpt":{"rendered":"<p>Estes tr\u00eas filmes educativos sobre \u00e1rvores s\u00e3o exibidos actualmente na exposi\u00e7\u00e3o multim\u00e9dia, parte do circuito educativo do Parque de Monserrate, em Sintra , do Monte da Lua. O primeiro centra-se na raiz, o segundo no tronco e o terceiro na copa (use os controles de slider para alternar). Fomos desafiados pela Sardinha Em Lata a &hellip; <\/p>\n<p class=\"link-more\"><a href=\"https:\/\/homyanimation.com\/index.php\/pt\/homy-pt\/trabalhos\/arvore\/\" class=\"more-link\">Continuar a ler <span class=\"screen-reader-text\">&#8220;Arvore_pt&#8221;<\/span><\/a><\/p>\n","protected":false},"author":1,"featured_media":0,"parent":987,"menu_order":0,"comment_status":"closed","ping_status":"closed","template":"","meta":{"inline_featured_image":false,"ngg_post_thumbnail":0,"footnotes":""},"class_list":["post-993","page","type-page","status-publish","hentry"],"yoast_head":"<!-- This site is optimized with the Yoast SEO plugin v27.4 - https:\/\/yoast.com\/product\/yoast-seo-wordpress\/ -->\n<title>Arvore_pt &#8902; HOMY Animation<\/title>\n<meta name=\"robots\" content=\"index, follow, max-snippet:-1, max-image-preview:large, max-video-preview:-1\" \/>\n<link rel=\"canonical\" href=\"https:\/\/homyanimation.com\/index.php\/pt\/homy-pt\/trabalhos\/arvore\/\" \/>\n<meta property=\"og:locale\" content=\"pt_PT\" \/>\n<meta property=\"og:type\" content=\"article\" \/>\n<meta property=\"og:title\" content=\"Arvore_pt &#8902; HOMY Animation\" \/>\n<meta property=\"og:description\" content=\"Estes tr\u00eas filmes educativos sobre \u00e1rvores s\u00e3o exibidos actualmente na exposi\u00e7\u00e3o multim\u00e9dia, parte do circuito educativo do Parque de Monserrate, em Sintra , do Monte da Lua. O primeiro centra-se na raiz, o segundo no tronco e o terceiro na copa (use os controles de slider para alternar). Fomos desafiados pela Sardinha Em Lata a &hellip; Continuar a ler &quot;Arvore_pt&quot;\" \/>\n<meta property=\"og:url\" content=\"https:\/\/homyanimation.com\/index.php\/pt\/homy-pt\/trabalhos\/arvore\/\" \/>\n<meta property=\"og:site_name\" content=\"HOMY Animation\" \/>\n<meta property=\"article:publisher\" content=\"https:\/\/www.facebook.com\/pg\/Homy-Animation-336483537135913\" \/>\n<meta property=\"article:modified_time\" content=\"2024-03-01T18:28:33+00:00\" \/>\n<meta property=\"og:image\" content=\"https:\/\/homyanimation.com\/wp-content\/uploads\/2019\/10\/arvore_expo-225x300.png\" \/>\n<meta name=\"twitter:card\" content=\"summary_large_image\" \/>\n<meta name=\"twitter:label1\" content=\"Tempo estimado de leitura\" \/>\n\t<meta name=\"twitter:data1\" content=\"3 minutos\" \/>\n<script type=\"application\/ld+json\" class=\"yoast-schema-graph\">{\"@context\":\"https:\\\/\\\/schema.org\",\"@graph\":[{\"@type\":\"WebPage\",\"@id\":\"https:\\\/\\\/homyanimation.com\\\/index.php\\\/pt\\\/homy-pt\\\/trabalhos\\\/arvore\\\/\",\"url\":\"https:\\\/\\\/homyanimation.com\\\/index.php\\\/pt\\\/homy-pt\\\/trabalhos\\\/arvore\\\/\",\"name\":\"Arvore_pt &#8902; HOMY Animation\",\"isPartOf\":{\"@id\":\"https:\\\/\\\/homyanimation.com\\\/#website\"},\"primaryImageOfPage\":{\"@id\":\"https:\\\/\\\/homyanimation.com\\\/index.php\\\/pt\\\/homy-pt\\\/trabalhos\\\/arvore\\\/#primaryimage\"},\"image\":{\"@id\":\"https:\\\/\\\/homyanimation.com\\\/index.php\\\/pt\\\/homy-pt\\\/trabalhos\\\/arvore\\\/#primaryimage\"},\"thumbnailUrl\":\"https:\\\/\\\/homyanimation.com\\\/wp-content\\\/uploads\\\/2019\\\/10\\\/arvore_expo-225x300.png\",\"datePublished\":\"2019-11-03T13:27:04+00:00\",\"dateModified\":\"2024-03-01T18:28:33+00:00\",\"breadcrumb\":{\"@id\":\"https:\\\/\\\/homyanimation.com\\\/index.php\\\/pt\\\/homy-pt\\\/trabalhos\\\/arvore\\\/#breadcrumb\"},\"inLanguage\":\"pt-PT\",\"potentialAction\":[{\"@type\":\"ReadAction\",\"target\":[\"https:\\\/\\\/homyanimation.com\\\/index.php\\\/pt\\\/homy-pt\\\/trabalhos\\\/arvore\\\/\"]}]},{\"@type\":\"ImageObject\",\"inLanguage\":\"pt-PT\",\"@id\":\"https:\\\/\\\/homyanimation.com\\\/index.php\\\/pt\\\/homy-pt\\\/trabalhos\\\/arvore\\\/#primaryimage\",\"url\":\"https:\\\/\\\/homyanimation.com\\\/wp-content\\\/uploads\\\/2019\\\/10\\\/arvore_expo.png\",\"contentUrl\":\"https:\\\/\\\/homyanimation.com\\\/wp-content\\\/uploads\\\/2019\\\/10\\\/arvore_expo.png\",\"width\":774,\"height\":1032},{\"@type\":\"BreadcrumbList\",\"@id\":\"https:\\\/\\\/homyanimation.com\\\/index.php\\\/pt\\\/homy-pt\\\/trabalhos\\\/arvore\\\/#breadcrumb\",\"itemListElement\":[{\"@type\":\"ListItem\",\"position\":1,\"name\":\"Home\",\"item\":\"http:\\\/\\\/homyanimation.com\\\/\"},{\"@type\":\"ListItem\",\"position\":2,\"name\":\"HOMY\",\"item\":\"https:\\\/\\\/homyanimation.com\\\/index.php\\\/pt\\\/homy-pt\\\/\"},{\"@type\":\"ListItem\",\"position\":3,\"name\":\"Trabalhos\",\"item\":\"https:\\\/\\\/homyanimation.com\\\/index.php\\\/pt\\\/homy-pt\\\/trabalhos\\\/\"},{\"@type\":\"ListItem\",\"position\":4,\"name\":\"Arvore_pt\"}]},{\"@type\":\"WebSite\",\"@id\":\"https:\\\/\\\/homyanimation.com\\\/#website\",\"url\":\"https:\\\/\\\/homyanimation.com\\\/\",\"name\":\"HOMY Animation\",\"description\":\"expressing motion\",\"publisher\":{\"@id\":\"https:\\\/\\\/homyanimation.com\\\/#organization\"},\"potentialAction\":[{\"@type\":\"SearchAction\",\"target\":{\"@type\":\"EntryPoint\",\"urlTemplate\":\"https:\\\/\\\/homyanimation.com\\\/?s={search_term_string}\"},\"query-input\":{\"@type\":\"PropertyValueSpecification\",\"valueRequired\":true,\"valueName\":\"search_term_string\"}}],\"inLanguage\":\"pt-PT\"},{\"@type\":\"Organization\",\"@id\":\"https:\\\/\\\/homyanimation.com\\\/#organization\",\"name\":\"Homy Animation\",\"url\":\"https:\\\/\\\/homyanimation.com\\\/\",\"logo\":{\"@type\":\"ImageObject\",\"inLanguage\":\"pt-PT\",\"@id\":\"https:\\\/\\\/homyanimation.com\\\/#\\\/schema\\\/logo\\\/image\\\/\",\"url\":\"https:\\\/\\\/i1.wp.com\\\/homyanimation.com\\\/wp-content\\\/uploads\\\/2019\\\/04\\\/Artboard-1-e1569830290964.png?fit=500%2C400&ssl=1\",\"contentUrl\":\"https:\\\/\\\/i1.wp.com\\\/homyanimation.com\\\/wp-content\\\/uploads\\\/2019\\\/04\\\/Artboard-1-e1569830290964.png?fit=500%2C400&ssl=1\",\"width\":500,\"height\":400,\"caption\":\"Homy Animation\"},\"image\":{\"@id\":\"https:\\\/\\\/homyanimation.com\\\/#\\\/schema\\\/logo\\\/image\\\/\"},\"sameAs\":[\"https:\\\/\\\/www.facebook.com\\\/pg\\\/Homy-Animation-336483537135913\",\"https:\\\/\\\/www.instagram.com\\\/homyanimation\"]}]}<\/script>\n<!-- \/ Yoast SEO plugin. -->","yoast_head_json":{"title":"Arvore_pt &#8902; HOMY Animation","robots":{"index":"index","follow":"follow","max-snippet":"max-snippet:-1","max-image-preview":"max-image-preview:large","max-video-preview":"max-video-preview:-1"},"canonical":"https:\/\/homyanimation.com\/index.php\/pt\/homy-pt\/trabalhos\/arvore\/","og_locale":"pt_PT","og_type":"article","og_title":"Arvore_pt &#8902; HOMY Animation","og_description":"Estes tr\u00eas filmes educativos sobre \u00e1rvores s\u00e3o exibidos actualmente na exposi\u00e7\u00e3o multim\u00e9dia, parte do circuito educativo do Parque de Monserrate, em Sintra , do Monte da Lua. O primeiro centra-se na raiz, o segundo no tronco e o terceiro na copa (use os controles de slider para alternar). Fomos desafiados pela Sardinha Em Lata a &hellip; Continuar a ler \"Arvore_pt\"","og_url":"https:\/\/homyanimation.com\/index.php\/pt\/homy-pt\/trabalhos\/arvore\/","og_site_name":"HOMY Animation","article_publisher":"https:\/\/www.facebook.com\/pg\/Homy-Animation-336483537135913","article_modified_time":"2024-03-01T18:28:33+00:00","og_image":[{"url":"https:\/\/homyanimation.com\/wp-content\/uploads\/2019\/10\/arvore_expo-225x300.png","type":"","width":"","height":""}],"twitter_card":"summary_large_image","twitter_misc":{"Tempo estimado de leitura":"3 minutos"},"schema":{"@context":"https:\/\/schema.org","@graph":[{"@type":"WebPage","@id":"https:\/\/homyanimation.com\/index.php\/pt\/homy-pt\/trabalhos\/arvore\/","url":"https:\/\/homyanimation.com\/index.php\/pt\/homy-pt\/trabalhos\/arvore\/","name":"Arvore_pt &#8902; HOMY Animation","isPartOf":{"@id":"https:\/\/homyanimation.com\/#website"},"primaryImageOfPage":{"@id":"https:\/\/homyanimation.com\/index.php\/pt\/homy-pt\/trabalhos\/arvore\/#primaryimage"},"image":{"@id":"https:\/\/homyanimation.com\/index.php\/pt\/homy-pt\/trabalhos\/arvore\/#primaryimage"},"thumbnailUrl":"https:\/\/homyanimation.com\/wp-content\/uploads\/2019\/10\/arvore_expo-225x300.png","datePublished":"2019-11-03T13:27:04+00:00","dateModified":"2024-03-01T18:28:33+00:00","breadcrumb":{"@id":"https:\/\/homyanimation.com\/index.php\/pt\/homy-pt\/trabalhos\/arvore\/#breadcrumb"},"inLanguage":"pt-PT","potentialAction":[{"@type":"ReadAction","target":["https:\/\/homyanimation.com\/index.php\/pt\/homy-pt\/trabalhos\/arvore\/"]}]},{"@type":"ImageObject","inLanguage":"pt-PT","@id":"https:\/\/homyanimation.com\/index.php\/pt\/homy-pt\/trabalhos\/arvore\/#primaryimage","url":"https:\/\/homyanimation.com\/wp-content\/uploads\/2019\/10\/arvore_expo.png","contentUrl":"https:\/\/homyanimation.com\/wp-content\/uploads\/2019\/10\/arvore_expo.png","width":774,"height":1032},{"@type":"BreadcrumbList","@id":"https:\/\/homyanimation.com\/index.php\/pt\/homy-pt\/trabalhos\/arvore\/#breadcrumb","itemListElement":[{"@type":"ListItem","position":1,"name":"Home","item":"http:\/\/homyanimation.com\/"},{"@type":"ListItem","position":2,"name":"HOMY","item":"https:\/\/homyanimation.com\/index.php\/pt\/homy-pt\/"},{"@type":"ListItem","position":3,"name":"Trabalhos","item":"https:\/\/homyanimation.com\/index.php\/pt\/homy-pt\/trabalhos\/"},{"@type":"ListItem","position":4,"name":"Arvore_pt"}]},{"@type":"WebSite","@id":"https:\/\/homyanimation.com\/#website","url":"https:\/\/homyanimation.com\/","name":"HOMY Animation","description":"expressing motion","publisher":{"@id":"https:\/\/homyanimation.com\/#organization"},"potentialAction":[{"@type":"SearchAction","target":{"@type":"EntryPoint","urlTemplate":"https:\/\/homyanimation.com\/?s={search_term_string}"},"query-input":{"@type":"PropertyValueSpecification","valueRequired":true,"valueName":"search_term_string"}}],"inLanguage":"pt-PT"},{"@type":"Organization","@id":"https:\/\/homyanimation.com\/#organization","name":"Homy Animation","url":"https:\/\/homyanimation.com\/","logo":{"@type":"ImageObject","inLanguage":"pt-PT","@id":"https:\/\/homyanimation.com\/#\/schema\/logo\/image\/","url":"https:\/\/i1.wp.com\/homyanimation.com\/wp-content\/uploads\/2019\/04\/Artboard-1-e1569830290964.png?fit=500%2C400&ssl=1","contentUrl":"https:\/\/i1.wp.com\/homyanimation.com\/wp-content\/uploads\/2019\/04\/Artboard-1-e1569830290964.png?fit=500%2C400&ssl=1","width":500,"height":400,"caption":"Homy Animation"},"image":{"@id":"https:\/\/homyanimation.com\/#\/schema\/logo\/image\/"},"sameAs":["https:\/\/www.facebook.com\/pg\/Homy-Animation-336483537135913","https:\/\/www.instagram.com\/homyanimation"]}]}},"_links":{"self":[{"href":"https:\/\/homyanimation.com\/index.php\/wp-json\/wp\/v2\/pages\/993","targetHints":{"allow":["GET"]}}],"collection":[{"href":"https:\/\/homyanimation.com\/index.php\/wp-json\/wp\/v2\/pages"}],"about":[{"href":"https:\/\/homyanimation.com\/index.php\/wp-json\/wp\/v2\/types\/page"}],"author":[{"embeddable":true,"href":"https:\/\/homyanimation.com\/index.php\/wp-json\/wp\/v2\/users\/1"}],"replies":[{"embeddable":true,"href":"https:\/\/homyanimation.com\/index.php\/wp-json\/wp\/v2\/comments?post=993"}],"version-history":[{"count":11,"href":"https:\/\/homyanimation.com\/index.php\/wp-json\/wp\/v2\/pages\/993\/revisions"}],"predecessor-version":[{"id":1827,"href":"https:\/\/homyanimation.com\/index.php\/wp-json\/wp\/v2\/pages\/993\/revisions\/1827"}],"up":[{"embeddable":true,"href":"https:\/\/homyanimation.com\/index.php\/wp-json\/wp\/v2\/pages\/987"}],"wp:attachment":[{"href":"https:\/\/homyanimation.com\/index.php\/wp-json\/wp\/v2\/media?parent=993"}],"curies":[{"name":"wp","href":"https:\/\/api.w.org\/{rel}","templated":true}]}}